{"id":9744,"date":"2025-09-24T10:24:53","date_gmt":"2025-09-24T10:24:53","guid":{"rendered":"https:\/\/irmedical.es\/?post_type=product&#038;p=9744"},"modified":"2025-09-24T12:03:55","modified_gmt":"2025-09-24T12:03:55","slug":"pack-protective-copia-copia-copia","status":"publish","type":"product","link":"https:\/\/irmedical.es\/fr\/productos\/pack-protective-copia-copia-copia\/","title":{"rendered":"PACK PROTECTIVE (copia) (copia) (copia)"},"content":{"rendered":"<p>Le Pack Protecteur associe une mousse nettoyante qui purifie la peau, un s\u00e9rum r\u00e9g\u00e9n\u00e9rant qui stimule le renouvellement cellulaire et une cr\u00e8me hydratante qui procure une hydratation profonde et longue dur\u00e9e. Id\u00e9al pour une routine de soins qui nettoie, r\u00e9g\u00e9n\u00e8re et hydrate, s&rsquo;adaptant \u00e0 tous les types de peau. Il stimule la croissance et am\u00e9liore la sant\u00e9 des cheveux, notamment avant l&rsquo;exposition au soleil. Ensemble, ils assurent des cheveux revitalis\u00e9s et dans un \u00e9tat optimal.<\/p>\n","protected":false},"excerpt":{"rendered":"<p>1 MOUSSE DE 150ML 1 S\u00c9RUM DE 80ML ET 1 CONTENANT DE 50ML<\/p>\n","protected":false},"featured_media":0,"comment_status":"closed","ping_status":"closed","template":"","meta":{"_acf_changed":false},"product_brand":[],"product_cat":[337,374,375,471],"product_tag":[376,353,377,385,378,379,380,381],"class_list":{"0":"post-9744","1":"product","2":"type-product","3":"status-publish","5":"product_cat-acne","6":"product_cat-cosmeceutique","7":"product_cat-cosmeceutica-facial-fr","8":"product_cat-producto-facial-fr","9":"product_tag-antiaging-fr","10":"product_tag-cosmetica-fr","11":"product_tag-factor-de-crecimiento-fr","12":"product_tag-proteccion-luz-azul-fr","13":"product_tag-rbc-fr","14":"product_tag-regeneracion-fr","15":"product_tag-serum-fr","16":"product_tag-skin-care-fr","18":"first","19":"instock","20":"taxable","21":"shipping-taxable","22":"purchasable","23":"product-type-simple"},"acf":[],"_links":{"self":[{"href":"https:\/\/irmedical.es\/fr\/wp-json\/wp\/v2\/product\/9744","targetHints":{"allow":["GET"]}}],"collection":[{"href":"https:\/\/irmedical.es\/fr\/wp-json\/wp\/v2\/product"}],"about":[{"href":"https:\/\/irmedical.es\/fr\/wp-json\/wp\/v2\/types\/product"}],"replies":[{"embeddable":true,"href":"https:\/\/irmedical.es\/fr\/wp-json\/wp\/v2\/comments?post=9744"}],"wp:attachment":[{"href":"https:\/\/irmedical.es\/fr\/wp-json\/wp\/v2\/media?parent=9744"}],"wp:term":[{"taxonomy":"product_brand","embeddable":true,"href":"https:\/\/irmedical.es\/fr\/wp-json\/wp\/v2\/product_brand?post=9744"},{"taxonomy":"product_cat","embeddable":true,"href":"https:\/\/irmedical.es\/fr\/wp-json\/wp\/v2\/product_cat?post=9744"},{"taxonomy":"product_tag","embeddable":true,"href":"https:\/\/irmedical.es\/fr\/wp-json\/wp\/v2\/product_tag?post=9744"}],"curies":[{"name":"wp","href":"https:\/\/api.w.org\/{rel}","templated":true}]}}