{"id":8487,"date":"2024-06-13T15:17:28","date_gmt":"2024-06-13T15:17:28","guid":{"rendered":"https:\/\/irmedical.es\/productos\/locion-limpiadora-pieles-grasas\/"},"modified":"2025-02-07T09:20:20","modified_gmt":"2025-02-07T09:20:20","slug":"locion-limpiadora-pieles-grasas","status":"publish","type":"product","link":"https:\/\/irmedical.es\/fr\/productos\/locion-limpiadora-pieles-grasas\/","title":{"rendered":"LOTION NETTOYANTE POUR PEAUX GRASSES"},"content":{"rendered":"<p>Id\u00e9al pour les peaux grasses \u00e0 tendance acn\u00e9ique. Lotion nettoyante aux agents moussants doux d&rsquo;origine v\u00e9g\u00e9tale. Nettoie et adoucit la peau, lui redonnant son pH d&rsquo;origine, \u00e9liminant les impuret\u00e9s et r\u00e9duisant l&rsquo;exc\u00e8s de s\u00e9bum. Ses huiles essentielles assurent une protection contre les agents ext\u00e9rieurs.<\/p>\n","protected":false},"excerpt":{"rendered":"<p>1 CONTENANT 250ML<\/p>\n","protected":false},"featured_media":7252,"comment_status":"closed","ping_status":"closed","template":"","meta":{"_acf_changed":false},"product_brand":[],"product_cat":[350,351],"product_tag":[472,460,473,381,474],"class_list":{"0":"post-8487","1":"product","2":"type-product","3":"status-publish","4":"has-post-thumbnail","6":"product_cat-cabina-y-mantenimiento-fr","7":"product_cat-cosmetica-clinica-fr","8":"product_tag-desmaquillante-fr","9":"product_tag-facial-fr","10":"product_tag-limpieza-fr","11":"product_tag-skin-care-fr","12":"product_tag-tonico-fr","14":"first","15":"outofstock","16":"purchasable","17":"product-type-simple"},"acf":[],"_links":{"self":[{"href":"https:\/\/irmedical.es\/fr\/wp-json\/wp\/v2\/product\/8487","targetHints":{"allow":["GET"]}}],"collection":[{"href":"https:\/\/irmedical.es\/fr\/wp-json\/wp\/v2\/product"}],"about":[{"href":"https:\/\/irmedical.es\/fr\/wp-json\/wp\/v2\/types\/product"}],"replies":[{"embeddable":true,"href":"https:\/\/irmedical.es\/fr\/wp-json\/wp\/v2\/comments?post=8487"}],"wp:featuredmedia":[{"embeddable":true,"href":"https:\/\/irmedical.es\/fr\/wp-json\/wp\/v2\/media\/7252"}],"wp:attachment":[{"href":"https:\/\/irmedical.es\/fr\/wp-json\/wp\/v2\/media?parent=8487"}],"wp:term":[{"taxonomy":"product_brand","embeddable":true,"href":"https:\/\/irmedical.es\/fr\/wp-json\/wp\/v2\/product_brand?post=8487"},{"taxonomy":"product_cat","embeddable":true,"href":"https:\/\/irmedical.es\/fr\/wp-json\/wp\/v2\/product_cat?post=8487"},{"taxonomy":"product_tag","embeddable":true,"href":"https:\/\/irmedical.es\/fr\/wp-json\/wp\/v2\/product_tag?post=8487"}],"curies":[{"name":"wp","href":"https:\/\/api.w.org\/{rel}","templated":true}]}}