{"id":8485,"date":"2024-06-13T15:17:28","date_gmt":"2024-06-13T15:17:28","guid":{"rendered":"https:\/\/irmedical.es\/productos\/locion-desmaquillante\/"},"modified":"2025-02-07T09:18:35","modified_gmt":"2025-02-07T09:18:35","slug":"locion-desmaquillante","status":"publish","type":"product","link":"https:\/\/irmedical.es\/fr\/productos\/locion-desmaquillante\/","title":{"rendered":"LOTION D\u00c9MAQUILLANTE"},"content":{"rendered":"<p>Lotion aqueuse avec tensioactif amphot\u00e8re d\u00e9riv\u00e9 d&rsquo;acides gras de coco. Enl\u00e8ve la salet\u00e9 de la peau. Appliquer quotidiennement avant de vous coucher ou avant d&rsquo;effectuer tout traitement cutan\u00e9. 250 ml.<\/p>\n","protected":false},"excerpt":{"rendered":"<p>1 CONTENANT 250ML<\/p>\n","protected":false},"featured_media":7240,"comment_status":"closed","ping_status":"closed","template":"","meta":{"_acf_changed":false},"product_brand":[],"product_cat":[350,351],"product_tag":[472,460,473,381,474],"class_list":{"0":"post-8485","1":"product","2":"type-product","3":"status-publish","4":"has-post-thumbnail","6":"product_cat-cabina-y-mantenimiento-fr","7":"product_cat-cosmetica-clinica-fr","8":"product_tag-desmaquillante-fr","9":"product_tag-facial-fr","10":"product_tag-limpieza-fr","11":"product_tag-skin-care-fr","12":"product_tag-tonico-fr","14":"first","15":"outofstock","16":"purchasable","17":"product-type-simple"},"acf":[],"_links":{"self":[{"href":"https:\/\/irmedical.es\/fr\/wp-json\/wp\/v2\/product\/8485","targetHints":{"allow":["GET"]}}],"collection":[{"href":"https:\/\/irmedical.es\/fr\/wp-json\/wp\/v2\/product"}],"about":[{"href":"https:\/\/irmedical.es\/fr\/wp-json\/wp\/v2\/types\/product"}],"replies":[{"embeddable":true,"href":"https:\/\/irmedical.es\/fr\/wp-json\/wp\/v2\/comments?post=8485"}],"wp:featuredmedia":[{"embeddable":true,"href":"https:\/\/irmedical.es\/fr\/wp-json\/wp\/v2\/media\/7240"}],"wp:attachment":[{"href":"https:\/\/irmedical.es\/fr\/wp-json\/wp\/v2\/media?parent=8485"}],"wp:term":[{"taxonomy":"product_brand","embeddable":true,"href":"https:\/\/irmedical.es\/fr\/wp-json\/wp\/v2\/product_brand?post=8485"},{"taxonomy":"product_cat","embeddable":true,"href":"https:\/\/irmedical.es\/fr\/wp-json\/wp\/v2\/product_cat?post=8485"},{"taxonomy":"product_tag","embeddable":true,"href":"https:\/\/irmedical.es\/fr\/wp-json\/wp\/v2\/product_tag?post=8485"}],"curies":[{"name":"wp","href":"https:\/\/api.w.org\/{rel}","templated":true}]}}