{"id":8481,"date":"2024-06-13T15:17:28","date_gmt":"2024-06-13T15:17:28","guid":{"rendered":"https:\/\/irmedical.es\/productos\/suero-hidratante\/"},"modified":"2025-02-07T09:12:05","modified_gmt":"2025-02-07T09:12:05","slug":"suero-hidratante","status":"publish","type":"product","link":"https:\/\/irmedical.es\/fr\/productos\/suero-hidratante\/","title":{"rendered":"S\u00c9RUM HYDRATANT"},"content":{"rendered":"<p>S\u00e9rum anti-\u00e2ge concentr\u00e9 qui retarde le vieillissement cutan\u00e9.<br \/>Il contient une combinaison d&rsquo;ingr\u00e9dients actifs qui am\u00e9liorent la fermet\u00e9, la nutrition et l&rsquo;hydratation, offrant une peau plus lisse et rajeunie.<br \/>Sa formule riche en ingr\u00e9dients essentiels agit en profondeur pour revitaliser la peau, am\u00e9liorant sa texture et son \u00e9lasticit\u00e9.<br \/>Id\u00e9al pour conserver une apparence jeune et saine.<\/p>\n","protected":false},"excerpt":{"rendered":"<p>1 CONTENANT 60ML<\/p>\n","protected":false},"featured_media":7804,"comment_status":"closed","ping_status":"closed","template":"","meta":{"_acf_changed":false},"product_brand":[],"product_cat":[351,538],"product_tag":[591,408,592,517,594],"class_list":{"0":"post-8481","1":"product","2":"type-product","3":"status-publish","4":"has-post-thumbnail","6":"product_cat-cosmetica-clinica-fr","7":"product_cat-serum-fr","8":"product_tag-aquapeel-fr","9":"product_tag-hidratacion-fr","10":"product_tag-hydroregenere-fr","11":"product_tag-oxigenoterapia-fr","12":"product_tag-suero-fr","14":"first","15":"instock","16":"taxable","17":"shipping-taxable","18":"purchasable","19":"product-type-simple"},"acf":[],"_links":{"self":[{"href":"https:\/\/irmedical.es\/fr\/wp-json\/wp\/v2\/product\/8481","targetHints":{"allow":["GET"]}}],"collection":[{"href":"https:\/\/irmedical.es\/fr\/wp-json\/wp\/v2\/product"}],"about":[{"href":"https:\/\/irmedical.es\/fr\/wp-json\/wp\/v2\/types\/product"}],"replies":[{"embeddable":true,"href":"https:\/\/irmedical.es\/fr\/wp-json\/wp\/v2\/comments?post=8481"}],"wp:featuredmedia":[{"embeddable":true,"href":"https:\/\/irmedical.es\/fr\/wp-json\/wp\/v2\/media\/7804"}],"wp:attachment":[{"href":"https:\/\/irmedical.es\/fr\/wp-json\/wp\/v2\/media?parent=8481"}],"wp:term":[{"taxonomy":"product_brand","embeddable":true,"href":"https:\/\/irmedical.es\/fr\/wp-json\/wp\/v2\/product_brand?post=8481"},{"taxonomy":"product_cat","embeddable":true,"href":"https:\/\/irmedical.es\/fr\/wp-json\/wp\/v2\/product_cat?post=8481"},{"taxonomy":"product_tag","embeddable":true,"href":"https:\/\/irmedical.es\/fr\/wp-json\/wp\/v2\/product_tag?post=8481"}],"curies":[{"name":"wp","href":"https:\/\/api.w.org\/{rel}","templated":true}]}}