{"id":8477,"date":"2024-06-13T15:17:28","date_gmt":"2024-06-13T15:17:28","guid":{"rendered":"https:\/\/irmedical.es\/productos\/suero-peeling\/"},"modified":"2025-02-07T08:55:51","modified_gmt":"2025-02-07T08:55:51","slug":"suero-peeling","status":"publish","type":"product","link":"https:\/\/irmedical.es\/fr\/productos\/suero-peeling\/","title":{"rendered":"S\u00c9RUM PEELING"},"content":{"rendered":"<p>S\u00e9rum \u00e0 effet peeling, gr\u00e2ce aux acides alpha-hydroxy et \u00e0 l&rsquo;ur\u00e9e contenus dans sa formulation. Acc\u00e9l\u00e8re le renouvellement cellulaire et exfolie la peau sans endommager la barri\u00e8re cutan\u00e9e, contribuant ainsi \u00e0 r\u00e9duire les signes du vieillissement. Hydrate, nourrit et matifie, am\u00e9liorant la texture et l&rsquo;aspect g\u00e9n\u00e9ral de la peau.<\/p>\n","protected":false},"excerpt":{"rendered":"<p>1 CONTENANT 60ML<\/p>\n","protected":false},"featured_media":7808,"comment_status":"closed","ping_status":"closed","template":"","meta":{"_acf_changed":false},"product_brand":[],"product_cat":[351,538],"product_tag":[591,592,517,593,594],"class_list":{"0":"post-8477","1":"product","2":"type-product","3":"status-publish","4":"has-post-thumbnail","6":"product_cat-cosmetica-clinica-fr","7":"product_cat-serum-fr","8":"product_tag-aquapeel-fr","9":"product_tag-hydroregenere-fr","10":"product_tag-oxigenoterapia-fr","11":"product_tag-peeling-fr","12":"product_tag-suero-fr","14":"first","15":"instock","16":"taxable","17":"shipping-taxable","18":"purchasable","19":"product-type-simple"},"acf":[],"_links":{"self":[{"href":"https:\/\/irmedical.es\/fr\/wp-json\/wp\/v2\/product\/8477","targetHints":{"allow":["GET"]}}],"collection":[{"href":"https:\/\/irmedical.es\/fr\/wp-json\/wp\/v2\/product"}],"about":[{"href":"https:\/\/irmedical.es\/fr\/wp-json\/wp\/v2\/types\/product"}],"replies":[{"embeddable":true,"href":"https:\/\/irmedical.es\/fr\/wp-json\/wp\/v2\/comments?post=8477"}],"wp:featuredmedia":[{"embeddable":true,"href":"https:\/\/irmedical.es\/fr\/wp-json\/wp\/v2\/media\/7808"}],"wp:attachment":[{"href":"https:\/\/irmedical.es\/fr\/wp-json\/wp\/v2\/media?parent=8477"}],"wp:term":[{"taxonomy":"product_brand","embeddable":true,"href":"https:\/\/irmedical.es\/fr\/wp-json\/wp\/v2\/product_brand?post=8477"},{"taxonomy":"product_cat","embeddable":true,"href":"https:\/\/irmedical.es\/fr\/wp-json\/wp\/v2\/product_cat?post=8477"},{"taxonomy":"product_tag","embeddable":true,"href":"https:\/\/irmedical.es\/fr\/wp-json\/wp\/v2\/product_tag?post=8477"}],"curies":[{"name":"wp","href":"https:\/\/api.w.org\/{rel}","templated":true}]}}