{"id":8475,"date":"2024-06-13T15:17:28","date_gmt":"2024-06-13T15:17:28","guid":{"rendered":"https:\/\/irmedical.es\/productos\/lipocel\/"},"modified":"2025-02-07T08:52:32","modified_gmt":"2025-02-07T08:52:32","slug":"lipocel","status":"publish","type":"product","link":"https:\/\/irmedical.es\/fr\/productos\/lipocel\/","title":{"rendered":"LIPOCEL"},"content":{"rendered":"<p>Combin\u00e9 r\u00e9ducteur et anti-cellulite efficace, formul\u00e9 avec des ingr\u00e9dients actifs qui aident \u00e0 r\u00e9duire la cellulite et \u00e0 am\u00e9liorer l&rsquo;apparence de la peau. Il comprend de la phosphatidylcholine et du d\u00e9soxycholate pour mobiliser les graisses, de la carnitine pour acc\u00e9l\u00e9rer votre m\u00e9tabolisme et du silicium organique pour raffermir. Le facteur de croissance (Sh-oligopeptide-2) active les m\u00e9canismes de d\u00e9toxification et favorise la r\u00e9g\u00e9n\u00e9ration cellulaire. De plus, les extraits de chardon-Marie et de busserole am\u00e9liorent la vascularisation et r\u00e9duisent la formation et le stockage des graisses, favorisant la lipolyse pour un effet plus visible.<\/p>\n","protected":false},"excerpt":{"rendered":"<p>1 BOITE 5 FLACONS<\/p>\n","protected":false},"featured_media":7790,"comment_status":"closed","ping_status":"closed","template":"","meta":{"_acf_changed":false},"product_brand":[],"product_cat":[402,405,403,583],"product_tag":[584,354,570,585,436,586],"class_list":{"0":"post-8475","1":"product","2":"type-product","3":"status-publish","4":"has-post-thumbnail","6":"product_cat-complet-fr","7":"product_cat-vial-esteril-fr","8":"product_cat-soluciones-fr","9":"product_cat-tratamiento-corporal-fr","10":"product_tag-anticelulitis-fr","11":"product_tag-dermapen-fr","12":"product_tag-electroporacion-fr","13":"product_tag-lipolitico-fr","14":"product_tag-corporal-fr","15":"product_tag-reductor-fr","17":"first","18":"instock","19":"taxable","20":"shipping-taxable","21":"purchasable","22":"product-type-simple"},"acf":[],"_links":{"self":[{"href":"https:\/\/irmedical.es\/fr\/wp-json\/wp\/v2\/product\/8475","targetHints":{"allow":["GET"]}}],"collection":[{"href":"https:\/\/irmedical.es\/fr\/wp-json\/wp\/v2\/product"}],"about":[{"href":"https:\/\/irmedical.es\/fr\/wp-json\/wp\/v2\/types\/product"}],"replies":[{"embeddable":true,"href":"https:\/\/irmedical.es\/fr\/wp-json\/wp\/v2\/comments?post=8475"}],"wp:featuredmedia":[{"embeddable":true,"href":"https:\/\/irmedical.es\/fr\/wp-json\/wp\/v2\/media\/7790"}],"wp:attachment":[{"href":"https:\/\/irmedical.es\/fr\/wp-json\/wp\/v2\/media?parent=8475"}],"wp:term":[{"taxonomy":"product_brand","embeddable":true,"href":"https:\/\/irmedical.es\/fr\/wp-json\/wp\/v2\/product_brand?post=8475"},{"taxonomy":"product_cat","embeddable":true,"href":"https:\/\/irmedical.es\/fr\/wp-json\/wp\/v2\/product_cat?post=8475"},{"taxonomy":"product_tag","embeddable":true,"href":"https:\/\/irmedical.es\/fr\/wp-json\/wp\/v2\/product_tag?post=8475"}],"curies":[{"name":"wp","href":"https:\/\/api.w.org\/{rel}","templated":true}]}}