{"id":8473,"date":"2024-06-13T15:17:28","date_gmt":"2024-06-13T15:17:28","guid":{"rendered":"https:\/\/irmedical.es\/productos\/growht-factors-egf-tgf-b2\/"},"modified":"2025-02-07T08:45:33","modified_gmt":"2025-02-07T08:45:33","slug":"growht-factors-egf-tgf-b2","status":"publish","type":"product","link":"https:\/\/irmedical.es\/fr\/productos\/growht-factors-egf-tgf-b2\/","title":{"rendered":"GROWHT FACTORS EGF TGF B2"},"content":{"rendered":"<p>L&rsquo;EGF est un facteur de croissance qui stimule la r\u00e9g\u00e9n\u00e9ration de la peau, contribuant ainsi \u00e0 am\u00e9liorer sa fermet\u00e9 et son \u00e9lasticit\u00e9. Le TGF\u03b22, qui contribue \u00e9galement \u00e0 garder une peau jeune et saine, diminue avec le vieillissement, affectant la r\u00e9paration et la production de lipides essentiels. Ces deux facteurs sont essentiels \u00e0 la gu\u00e9rison et \u00e0 la lutte contre les effets du vieillissement provoqu\u00e9s par le soleil, l\u2019alimentation ou le stress.<\/p>\n","protected":false},"excerpt":{"rendered":"<p>1 bo\u00eete de 10 ampoules<\/p>\n","protected":false},"featured_media":7802,"comment_status":"closed","ping_status":"closed","template":"","meta":{"_acf_changed":false},"product_brand":[],"product_cat":[574,405,403,404],"product_tag":[406,354,577,407,578,379],"class_list":{"0":"post-8473","1":"product","2":"type-product","3":"status-publish","4":"has-post-thumbnail","6":"product_cat-activo-unico-fr","7":"product_cat-vial-esteril-fr","8":"product_cat-soluciones-fr","9":"product_cat-tratamientos-faciales-fr","10":"product_tag-ampollas-fr","11":"product_tag-dermapen-fr","12":"product_tag-egf-fr","13":"product_tag-faciales-fr","14":"product_tag-factores-de-crecimiento-fr","15":"product_tag-regeneracion-fr","17":"first","18":"outofstock","19":"taxable","20":"shipping-taxable","21":"purchasable","22":"product-type-simple"},"acf":[],"_links":{"self":[{"href":"https:\/\/irmedical.es\/fr\/wp-json\/wp\/v2\/product\/8473","targetHints":{"allow":["GET"]}}],"collection":[{"href":"https:\/\/irmedical.es\/fr\/wp-json\/wp\/v2\/product"}],"about":[{"href":"https:\/\/irmedical.es\/fr\/wp-json\/wp\/v2\/types\/product"}],"replies":[{"embeddable":true,"href":"https:\/\/irmedical.es\/fr\/wp-json\/wp\/v2\/comments?post=8473"}],"wp:featuredmedia":[{"embeddable":true,"href":"https:\/\/irmedical.es\/fr\/wp-json\/wp\/v2\/media\/7802"}],"wp:attachment":[{"href":"https:\/\/irmedical.es\/fr\/wp-json\/wp\/v2\/media?parent=8473"}],"wp:term":[{"taxonomy":"product_brand","embeddable":true,"href":"https:\/\/irmedical.es\/fr\/wp-json\/wp\/v2\/product_brand?post=8473"},{"taxonomy":"product_cat","embeddable":true,"href":"https:\/\/irmedical.es\/fr\/wp-json\/wp\/v2\/product_cat?post=8473"},{"taxonomy":"product_tag","embeddable":true,"href":"https:\/\/irmedical.es\/fr\/wp-json\/wp\/v2\/product_tag?post=8473"}],"curies":[{"name":"wp","href":"https:\/\/api.w.org\/{rel}","templated":true}]}}