{"id":8471,"date":"2024-06-13T15:17:28","date_gmt":"2024-06-13T15:17:28","guid":{"rendered":"https:\/\/irmedical.es\/productos\/vitamina-c-15\/"},"modified":"2025-02-07T08:42:52","modified_gmt":"2025-02-07T08:42:52","slug":"vitamina-c-15","status":"publish","type":"product","link":"https:\/\/irmedical.es\/fr\/productos\/vitamina-c-15\/","title":{"rendered":"VITAMINE C 15%"},"content":{"rendered":"<p>C&rsquo;est un puissant antioxydant qui r\u00e9duit les rides et \u00e9claircit la peau, en changeant le ton comme aucun autre ingr\u00e9dient actif. Il stoppe la prolif\u00e9ration des radicaux libres et favorise la production de collag\u00e8ne, contribuant ainsi \u00e0 r\u00e9duire les m\u00e9faits du soleil, \u00e0 \u00e9liminer les taches et \u00e0 am\u00e9liorer la microcirculation. C&rsquo;est un v\u00e9ritable \u00e9clair de beaut\u00e9, am\u00e9liorant imm\u00e9diatement la tonicit\u00e9 et la texture de la peau. Pr\u00e9vient les photodommages caus\u00e9s par le soleil, la pollution, le manque de sommeil et le stress. Grand alli\u00e9 contre les imperfections, il apporte luminosit\u00e9 et vitalit\u00e9, laissant la peau \u00e9clatante et saine, avec des rides d&rsquo;expression minimis\u00e9es.<\/p>\n","protected":false},"excerpt":{"rendered":"<p>1 Bo\u00eete (4 flacons)<\/p>\n","protected":false},"featured_media":7268,"comment_status":"closed","ping_status":"closed","template":"","meta":{"_acf_changed":false},"product_brand":[],"product_cat":[574,405,403,404],"product_tag":[406,354,407,442,364,410,411],"class_list":{"0":"post-8471","1":"product","2":"type-product","3":"status-publish","4":"has-post-thumbnail","6":"product_cat-activo-unico-fr","7":"product_cat-vial-esteril-fr","8":"product_cat-soluciones-fr","9":"product_cat-tratamientos-faciales-fr","10":"product_tag-ampollas-fr","11":"product_tag-dermapen-fr","12":"product_tag-faciales-fr","13":"product_tag-iluminacion-fr","14":"product_tag-manchas-fr","15":"product_tag-viales-fr","16":"product_tag-vitamina-c-fr","18":"first","19":"outofstock","20":"taxable","21":"shipping-taxable","22":"purchasable","23":"product-type-simple"},"acf":[],"_links":{"self":[{"href":"https:\/\/irmedical.es\/fr\/wp-json\/wp\/v2\/product\/8471","targetHints":{"allow":["GET"]}}],"collection":[{"href":"https:\/\/irmedical.es\/fr\/wp-json\/wp\/v2\/product"}],"about":[{"href":"https:\/\/irmedical.es\/fr\/wp-json\/wp\/v2\/types\/product"}],"replies":[{"embeddable":true,"href":"https:\/\/irmedical.es\/fr\/wp-json\/wp\/v2\/comments?post=8471"}],"wp:featuredmedia":[{"embeddable":true,"href":"https:\/\/irmedical.es\/fr\/wp-json\/wp\/v2\/media\/7268"}],"wp:attachment":[{"href":"https:\/\/irmedical.es\/fr\/wp-json\/wp\/v2\/media?parent=8471"}],"wp:term":[{"taxonomy":"product_brand","embeddable":true,"href":"https:\/\/irmedical.es\/fr\/wp-json\/wp\/v2\/product_brand?post=8471"},{"taxonomy":"product_cat","embeddable":true,"href":"https:\/\/irmedical.es\/fr\/wp-json\/wp\/v2\/product_cat?post=8471"},{"taxonomy":"product_tag","embeddable":true,"href":"https:\/\/irmedical.es\/fr\/wp-json\/wp\/v2\/product_tag?post=8471"}],"curies":[{"name":"wp","href":"https:\/\/api.w.org\/{rel}","templated":true}]}}