{"id":8469,"date":"2024-06-13T15:17:28","date_gmt":"2024-06-13T15:17:28","guid":{"rendered":"https:\/\/irmedical.es\/productos\/ha-hydro-redensificado-4\/"},"modified":"2025-02-07T08:40:58","modified_gmt":"2025-02-07T08:40:58","slug":"ha-hydro-redensificado-4","status":"publish","type":"product","link":"https:\/\/irmedical.es\/fr\/productos\/ha-hydro-redensificado-4\/","title":{"rendered":"HA HYDRO REDENSIFI\u00c9 4%"},"content":{"rendered":"<p>Acide hyaluronique non r\u00e9ticul\u00e9 \u00e0 haute concentration de 40 mg\/ml, formul\u00e9 pour offrir une hydratation en profondeur et traiter les rides, les rides d&rsquo;expression et augmenter le volume des l\u00e8vres.<br \/>Sa haute densit\u00e9 permet une plus grande r\u00e9tention d&rsquo;hydratation dans la peau, offrant des r\u00e9sultats visibles en am\u00e9liorant la texture et le volume.<br \/>Id\u00e9al pour les soins du visage personnalis\u00e9s.<\/p>\n","protected":false},"excerpt":{"rendered":"<p>1 Bo\u00eete (4 flacons)<\/p>\n","protected":false},"featured_media":7800,"comment_status":"closed","ping_status":"closed","template":"","meta":{"_acf_changed":false},"product_brand":[],"product_cat":[574,405,403,404],"product_tag":[406,376,354,407,408,409,410,411],"class_list":{"0":"post-8469","1":"product","2":"type-product","3":"status-publish","4":"has-post-thumbnail","6":"product_cat-activo-unico-fr","7":"product_cat-vial-esteril-fr","8":"product_cat-soluciones-fr","9":"product_cat-tratamientos-faciales-fr","10":"product_tag-ampollas-fr","11":"product_tag-antiaging-fr","12":"product_tag-dermapen-fr","13":"product_tag-faciales-fr","14":"product_tag-hidratacion-fr","15":"product_tag-labios-fr","16":"product_tag-viales-fr","17":"product_tag-vitamina-c-fr","19":"first","20":"instock","21":"taxable","22":"shipping-taxable","23":"purchasable","24":"product-type-simple"},"acf":[],"_links":{"self":[{"href":"https:\/\/irmedical.es\/fr\/wp-json\/wp\/v2\/product\/8469","targetHints":{"allow":["GET"]}}],"collection":[{"href":"https:\/\/irmedical.es\/fr\/wp-json\/wp\/v2\/product"}],"about":[{"href":"https:\/\/irmedical.es\/fr\/wp-json\/wp\/v2\/types\/product"}],"replies":[{"embeddable":true,"href":"https:\/\/irmedical.es\/fr\/wp-json\/wp\/v2\/comments?post=8469"}],"wp:featuredmedia":[{"embeddable":true,"href":"https:\/\/irmedical.es\/fr\/wp-json\/wp\/v2\/media\/7800"}],"wp:attachment":[{"href":"https:\/\/irmedical.es\/fr\/wp-json\/wp\/v2\/media?parent=8469"}],"wp:term":[{"taxonomy":"product_brand","embeddable":true,"href":"https:\/\/irmedical.es\/fr\/wp-json\/wp\/v2\/product_brand?post=8469"},{"taxonomy":"product_cat","embeddable":true,"href":"https:\/\/irmedical.es\/fr\/wp-json\/wp\/v2\/product_cat?post=8469"},{"taxonomy":"product_tag","embeddable":true,"href":"https:\/\/irmedical.es\/fr\/wp-json\/wp\/v2\/product_tag?post=8469"}],"curies":[{"name":"wp","href":"https:\/\/api.w.org\/{rel}","templated":true}]}}