{"id":8466,"date":"2024-06-13T15:17:28","date_gmt":"2024-06-13T15:17:28","guid":{"rendered":"https:\/\/irmedical.es\/productos\/ha-hydro\/"},"modified":"2025-02-07T08:38:20","modified_gmt":"2025-02-07T08:38:20","slug":"ha-hydro","status":"publish","type":"product","link":"https:\/\/irmedical.es\/fr\/productos\/ha-hydro\/","title":{"rendered":"HA HYDRO"},"content":{"rendered":"<p>Acide hyaluronique non r\u00e9ticul\u00e9 \u00e0 la concentration de 18 mg\/ml, con\u00e7u pour hydrater et combler les rides. Il est id\u00e9al pour les soins du visage, ainsi que pour hydrater les mains, les coudes et les genoux. Cet acide hyaluronique de poids mol\u00e9culaire moyen poss\u00e8de des propri\u00e9t\u00e9s bact\u00e9riostatiques, anti-inflammatoires, antioxydantes et anti-\u0153d\u00e9mateuses, et facilite \u00e9galement la cicatrisation des plaies. Avec une concentration 18 fois sup\u00e9rieure \u00e0 celle habituelle en cosm\u00e9tique (0,1%), il peut \u00eatre associ\u00e9 \u00e0 d&rsquo;autres actifs dans divers soins. Comprend 6 flacons de 4 ml.<\/p>\n","protected":false},"excerpt":{"rendered":"<p>1 bo\u00eete (6 flacons)<\/p>\n","protected":false},"featured_media":7794,"comment_status":"closed","ping_status":"closed","template":"","meta":{"_acf_changed":false},"product_brand":[],"product_cat":[574,405,403,404],"product_tag":[406,376,354,407,408,409,410,411],"class_list":{"0":"post-8466","1":"product","2":"type-product","3":"status-publish","4":"has-post-thumbnail","6":"product_cat-activo-unico-fr","7":"product_cat-vial-esteril-fr","8":"product_cat-soluciones-fr","9":"product_cat-tratamientos-faciales-fr","10":"product_tag-ampollas-fr","11":"product_tag-antiaging-fr","12":"product_tag-dermapen-fr","13":"product_tag-faciales-fr","14":"product_tag-hidratacion-fr","15":"product_tag-labios-fr","16":"product_tag-viales-fr","17":"product_tag-vitamina-c-fr","19":"first","20":"instock","21":"taxable","22":"shipping-taxable","23":"purchasable","24":"product-type-simple"},"acf":[],"_links":{"self":[{"href":"https:\/\/irmedical.es\/fr\/wp-json\/wp\/v2\/product\/8466","targetHints":{"allow":["GET"]}}],"collection":[{"href":"https:\/\/irmedical.es\/fr\/wp-json\/wp\/v2\/product"}],"about":[{"href":"https:\/\/irmedical.es\/fr\/wp-json\/wp\/v2\/types\/product"}],"replies":[{"embeddable":true,"href":"https:\/\/irmedical.es\/fr\/wp-json\/wp\/v2\/comments?post=8466"}],"wp:featuredmedia":[{"embeddable":true,"href":"https:\/\/irmedical.es\/fr\/wp-json\/wp\/v2\/media\/7794"}],"wp:attachment":[{"href":"https:\/\/irmedical.es\/fr\/wp-json\/wp\/v2\/media?parent=8466"}],"wp:term":[{"taxonomy":"product_brand","embeddable":true,"href":"https:\/\/irmedical.es\/fr\/wp-json\/wp\/v2\/product_brand?post=8466"},{"taxonomy":"product_cat","embeddable":true,"href":"https:\/\/irmedical.es\/fr\/wp-json\/wp\/v2\/product_cat?post=8466"},{"taxonomy":"product_tag","embeddable":true,"href":"https:\/\/irmedical.es\/fr\/wp-json\/wp\/v2\/product_tag?post=8466"}],"curies":[{"name":"wp","href":"https:\/\/api.w.org\/{rel}","templated":true}]}}