{"id":8464,"date":"2024-06-13T15:17:28","date_gmt":"2024-06-13T15:17:28","guid":{"rendered":"https:\/\/irmedical.es\/productos\/redensa\/"},"modified":"2025-02-07T08:35:19","modified_gmt":"2025-02-07T08:35:19","slug":"redensa","status":"publish","type":"product","link":"https:\/\/irmedical.es\/fr\/productos\/redensa\/","title":{"rendered":"REDENSA"},"content":{"rendered":"<p>Concentr\u00e9 cutan\u00e9 raffermissant et restructurant. Il combine les formes traditionnelles de collag\u00e8ne et d\u2019\u00e9lastine avec la synth\u00e8se biologique de peptides de collag\u00e8ne de type 1 \u00ab de type humain \u00bb. Augmente la formation de cellules, provoquant une peau plus compacte. Effet liftant. Augmente la synth\u00e8se de collag\u00e8ne. R\u00e9g\u00e9n\u00e9ration du derme (renouvellement des fibroblastes).<\/p>\n","protected":false},"excerpt":{"rendered":"<p>1 BOITE (5 FLACONS)<\/p>\n","protected":false},"featured_media":7796,"comment_status":"closed","ping_status":"closed","template":"","meta":{"_acf_changed":false},"product_brand":[],"product_cat":[402,405,403,404],"product_tag":[376,532,568,569,570,460,461,571,572],"class_list":{"0":"post-8464","1":"product","2":"type-product","3":"status-publish","4":"has-post-thumbnail","6":"product_cat-complet-fr","7":"product_cat-vial-esteril-fr","8":"product_cat-soluciones-fr","9":"product_cat-tratamientos-faciales-fr","10":"product_tag-antiaging-fr","11":"product_tag-colageno-fr","12":"product_tag-efecto-lifting-fr","13":"product_tag-elastina-fr","14":"product_tag-electroporacion-fr","15":"product_tag-facial-fr","16":"product_tag-micropuncion-fr","17":"product_tag-reafirmacion-fr","18":"product_tag-reestructuracion-fr","20":"first","21":"instock","22":"taxable","23":"shipping-taxable","24":"purchasable","25":"product-type-simple"},"acf":[],"_links":{"self":[{"href":"https:\/\/irmedical.es\/fr\/wp-json\/wp\/v2\/product\/8464","targetHints":{"allow":["GET"]}}],"collection":[{"href":"https:\/\/irmedical.es\/fr\/wp-json\/wp\/v2\/product"}],"about":[{"href":"https:\/\/irmedical.es\/fr\/wp-json\/wp\/v2\/types\/product"}],"replies":[{"embeddable":true,"href":"https:\/\/irmedical.es\/fr\/wp-json\/wp\/v2\/comments?post=8464"}],"wp:featuredmedia":[{"embeddable":true,"href":"https:\/\/irmedical.es\/fr\/wp-json\/wp\/v2\/media\/7796"}],"wp:attachment":[{"href":"https:\/\/irmedical.es\/fr\/wp-json\/wp\/v2\/media?parent=8464"}],"wp:term":[{"taxonomy":"product_brand","embeddable":true,"href":"https:\/\/irmedical.es\/fr\/wp-json\/wp\/v2\/product_brand?post=8464"},{"taxonomy":"product_cat","embeddable":true,"href":"https:\/\/irmedical.es\/fr\/wp-json\/wp\/v2\/product_cat?post=8464"},{"taxonomy":"product_tag","embeddable":true,"href":"https:\/\/irmedical.es\/fr\/wp-json\/wp\/v2\/product_tag?post=8464"}],"curies":[{"name":"wp","href":"https:\/\/api.w.org\/{rel}","templated":true}]}}