{"id":8462,"date":"2024-06-13T15:17:28","date_gmt":"2024-06-13T15:17:28","guid":{"rendered":"https:\/\/irmedical.es\/productos\/proage-gf\/"},"modified":"2025-02-07T08:33:09","modified_gmt":"2025-02-07T08:33:09","slug":"proage-gf","status":"publish","type":"product","link":"https:\/\/irmedical.es\/fr\/productos\/proage-gf\/","title":{"rendered":"PROAGE GF"},"content":{"rendered":"<p>Hexapeptide 8 : Peptide qui imite l&rsquo;effet de la toxine botulique. EGF : Un alli\u00e9 puissant dans le traitement des signes de l\u2019\u00e2ge. TGFB2 : Prot\u00e9ine qui stimule la croissance cellulaire. Il poss\u00e8de une grande capacit\u00e9 \u00e0 stimuler la production de collag\u00e8ne et d\u2019\u00e9lastine. Acide Hyaluronique : Acide hyaluronique de faible poids mol\u00e9culaire.<\/p>\n","protected":false},"excerpt":{"rendered":"<p>1 BOITE 5 FLACONS<\/p>\n","protected":false},"featured_media":7256,"comment_status":"closed","ping_status":"closed","template":"","meta":{"_acf_changed":false},"product_brand":[],"product_cat":[405,557,403,404],"product_tag":[376,567,532,568,569,570,460,461,571,572],"class_list":{"0":"post-8462","1":"product","2":"type-product","3":"status-publish","4":"has-post-thumbnail","6":"product_cat-vial-esteril-fr","7":"product_cat-progf-fr","8":"product_cat-soluciones-fr","9":"product_cat-tratamientos-faciales-fr","10":"product_tag-antiaging-fr","11":"product_tag-arrugas-fr","12":"product_tag-colageno-fr","13":"product_tag-efecto-lifting-fr","14":"product_tag-elastina-fr","15":"product_tag-electroporacion-fr","16":"product_tag-facial-fr","17":"product_tag-micropuncion-fr","18":"product_tag-reafirmacion-fr","19":"product_tag-reestructuracion-fr","21":"first","22":"instock","23":"taxable","24":"shipping-taxable","25":"purchasable","26":"product-type-simple"},"acf":[],"_links":{"self":[{"href":"https:\/\/irmedical.es\/fr\/wp-json\/wp\/v2\/product\/8462","targetHints":{"allow":["GET"]}}],"collection":[{"href":"https:\/\/irmedical.es\/fr\/wp-json\/wp\/v2\/product"}],"about":[{"href":"https:\/\/irmedical.es\/fr\/wp-json\/wp\/v2\/types\/product"}],"replies":[{"embeddable":true,"href":"https:\/\/irmedical.es\/fr\/wp-json\/wp\/v2\/comments?post=8462"}],"wp:featuredmedia":[{"embeddable":true,"href":"https:\/\/irmedical.es\/fr\/wp-json\/wp\/v2\/media\/7256"}],"wp:attachment":[{"href":"https:\/\/irmedical.es\/fr\/wp-json\/wp\/v2\/media?parent=8462"}],"wp:term":[{"taxonomy":"product_brand","embeddable":true,"href":"https:\/\/irmedical.es\/fr\/wp-json\/wp\/v2\/product_brand?post=8462"},{"taxonomy":"product_cat","embeddable":true,"href":"https:\/\/irmedical.es\/fr\/wp-json\/wp\/v2\/product_cat?post=8462"},{"taxonomy":"product_tag","embeddable":true,"href":"https:\/\/irmedical.es\/fr\/wp-json\/wp\/v2\/product_tag?post=8462"}],"curies":[{"name":"wp","href":"https:\/\/api.w.org\/{rel}","templated":true}]}}