{"id":8460,"date":"2024-06-13T15:17:28","date_gmt":"2024-06-13T15:17:28","guid":{"rendered":"https:\/\/irmedical.es\/productos\/prohair\/"},"modified":"2025-02-07T08:30:53","modified_gmt":"2025-02-07T08:30:53","slug":"prohair","status":"publish","type":"product","link":"https:\/\/irmedical.es\/fr\/productos\/prohair\/","title":{"rendered":"PROHAIR"},"content":{"rendered":"<p>Traitement capillaire professionnel qui combine 4 facteurs de croissance pour des r\u00e9sultats surprenants. La follistatine stimule la croissance des cheveux en activant les follicules au repos. Le VEGF am\u00e9liore l&rsquo;apport de nutriments en renfor\u00e7ant les capillaires du follicule. L&rsquo;IGF-1 prolonge la phase de croissance des cheveux et stimule la prolif\u00e9ration cellulaire. Le GM-CSF prot\u00e8ge les cheveux du stress oxydatif et am\u00e9liore la production de m\u00e9lanine, luttant ainsi contre les cheveux gris et le jaunissement. Id\u00e9al pour un traitement complet et efficace.<\/p>\n","protected":false},"excerpt":{"rendered":"<p>1 BOITE 5 FLACONS<\/p>\n","protected":false},"featured_media":7258,"comment_status":"closed","ping_status":"closed","template":"","meta":{"_acf_changed":false},"product_brand":[],"product_cat":[405,557,403,558],"product_tag":[422,559,560],"class_list":{"0":"post-8460","1":"product","2":"type-product","3":"status-publish","4":"has-post-thumbnail","6":"product_cat-vial-esteril-fr","7":"product_cat-progf-fr","8":"product_cat-soluciones-fr","9":"product_cat-tratamiento-capilar-fr","10":"product_tag-caida-capilar-fr","11":"product_tag-serum-capilar-rbc-fr","12":"product_tag-tratamiento-capilar-fr","14":"first","15":"instock","16":"taxable","17":"shipping-taxable","18":"purchasable","19":"product-type-simple"},"acf":[],"_links":{"self":[{"href":"https:\/\/irmedical.es\/fr\/wp-json\/wp\/v2\/product\/8460","targetHints":{"allow":["GET"]}}],"collection":[{"href":"https:\/\/irmedical.es\/fr\/wp-json\/wp\/v2\/product"}],"about":[{"href":"https:\/\/irmedical.es\/fr\/wp-json\/wp\/v2\/types\/product"}],"replies":[{"embeddable":true,"href":"https:\/\/irmedical.es\/fr\/wp-json\/wp\/v2\/comments?post=8460"}],"wp:featuredmedia":[{"embeddable":true,"href":"https:\/\/irmedical.es\/fr\/wp-json\/wp\/v2\/media\/7258"}],"wp:attachment":[{"href":"https:\/\/irmedical.es\/fr\/wp-json\/wp\/v2\/media?parent=8460"}],"wp:term":[{"taxonomy":"product_brand","embeddable":true,"href":"https:\/\/irmedical.es\/fr\/wp-json\/wp\/v2\/product_brand?post=8460"},{"taxonomy":"product_cat","embeddable":true,"href":"https:\/\/irmedical.es\/fr\/wp-json\/wp\/v2\/product_cat?post=8460"},{"taxonomy":"product_tag","embeddable":true,"href":"https:\/\/irmedical.es\/fr\/wp-json\/wp\/v2\/product_tag?post=8460"}],"curies":[{"name":"wp","href":"https:\/\/api.w.org\/{rel}","templated":true}]}}