{"id":8458,"date":"2024-06-13T15:17:43","date_gmt":"2024-06-13T15:17:43","guid":{"rendered":"https:\/\/irmedical.es\/productos\/dispositivo-ice-plasma\/"},"modified":"2025-02-07T08:26:46","modified_gmt":"2025-02-07T08:26:46","slug":"dispositivo-ice-plasma","status":"publish","type":"product","link":"https:\/\/irmedical.es\/fr\/productos\/dispositivo-ice-plasma\/","title":{"rendered":"DISPOSITIF \u00c0 PLASMA DE GLACE"},"content":{"rendered":"<p>ICEZONE PLASMA est un appareil avanc\u00e9 qui combine les technologies de plasma chaud et froid pour offrir des traitements esth\u00e9tiques et dermatologiques pr\u00e9cis. Il utilise le plasma pour des proc\u00e9dures efficaces, telles que l&rsquo;\u00e9limination des verrues et le bl\u00e9pharolifting, ainsi que la technologie du froid pour am\u00e9liorer la p\u00e9n\u00e9tration des produits cosm\u00e9tiques. Id\u00e9al pour une vari\u00e9t\u00e9 de soins de la peau, ICEZONE PLASMA offre des r\u00e9sultats visibles et durables.  <\/p>\n<p>La fonction plasma chaud permet d&rsquo;\u00e9liminer les verrues et de r\u00e9aliser un bl\u00e9pharolifting efficacement, tandis que la fonction plasma froid am\u00e9liore l&rsquo;absorption des produits cosm\u00e9tiques pour une hydratation optimale. Equip\u00e9 d&rsquo;un g\u00e9n\u00e9rateur de plasma de haute pr\u00e9cision et d&rsquo;un syst\u00e8me de contr\u00f4le r\u00e9glable, l&rsquo;appareil propose des traitements personnalis\u00e9s et s\u00fbrs, maximisant \u00e0 la fois l&rsquo;efficacit\u00e9 des proc\u00e9dures esth\u00e9tiques et l&rsquo;absorption des produits.<\/p>\n","protected":false},"excerpt":{"rendered":"<p>1 BO\u00ceTE 1 PRODUIT<\/p>\n","protected":false},"featured_media":7228,"comment_status":"closed","ping_status":"closed","template":"","meta":{"_acf_changed":false},"product_brand":[],"product_cat":[457,548],"product_tag":[549,550,551,364,365,552],"class_list":{"0":"post-8458","1":"product","2":"type-product","3":"status-publish","4":"has-post-thumbnail","6":"product_cat-dispositivos-fr","7":"product_cat-plasma-frio-y-plasma-caliente-fr","8":"product_tag-blefarolifitng-fr","9":"product_tag-lifting-fr","10":"product_tag-plasmapen-fr","11":"product_tag-manchas-fr","12":"product_tag-tratamiento-fr","13":"product_tag-verrugas-fr","15":"first","16":"instock","17":"taxable","18":"shipping-taxable","19":"purchasable","20":"product-type-simple"},"acf":[],"_links":{"self":[{"href":"https:\/\/irmedical.es\/fr\/wp-json\/wp\/v2\/product\/8458","targetHints":{"allow":["GET"]}}],"collection":[{"href":"https:\/\/irmedical.es\/fr\/wp-json\/wp\/v2\/product"}],"about":[{"href":"https:\/\/irmedical.es\/fr\/wp-json\/wp\/v2\/types\/product"}],"replies":[{"embeddable":true,"href":"https:\/\/irmedical.es\/fr\/wp-json\/wp\/v2\/comments?post=8458"}],"wp:featuredmedia":[{"embeddable":true,"href":"https:\/\/irmedical.es\/fr\/wp-json\/wp\/v2\/media\/7228"}],"wp:attachment":[{"href":"https:\/\/irmedical.es\/fr\/wp-json\/wp\/v2\/media?parent=8458"}],"wp:term":[{"taxonomy":"product_brand","embeddable":true,"href":"https:\/\/irmedical.es\/fr\/wp-json\/wp\/v2\/product_brand?post=8458"},{"taxonomy":"product_cat","embeddable":true,"href":"https:\/\/irmedical.es\/fr\/wp-json\/wp\/v2\/product_cat?post=8458"},{"taxonomy":"product_tag","embeddable":true,"href":"https:\/\/irmedical.es\/fr\/wp-json\/wp\/v2\/product_tag?post=8458"}],"curies":[{"name":"wp","href":"https:\/\/api.w.org\/{rel}","templated":true}]}}