{"id":8456,"date":"2024-06-13T15:17:43","date_gmt":"2024-06-13T15:17:43","guid":{"rendered":"https:\/\/irmedical.es\/productos\/dispositivo-derma-ir\/"},"modified":"2025-02-07T08:23:58","modified_gmt":"2025-02-07T08:23:58","slug":"dispositivo-derma-ir","status":"publish","type":"product","link":"https:\/\/irmedical.es\/fr\/productos\/dispositivo-derma-ir\/","title":{"rendered":"DISPOSITIF DERMA IR"},"content":{"rendered":"<p>Le Derma IR est un appareil de microneedling avanc\u00e9 qui am\u00e9liore la peau en cr\u00e9ant des microcanaux dans l&rsquo;\u00e9piderme. Ces canaux stimulent la production de collag\u00e8ne et d\u2019\u00e9lastine, ce qui donne une peau plus ferme, plus lisse et rajeunie. C&rsquo;est un traitement non invasif et efficace pour r\u00e9duire les rides, les cicatrices et am\u00e9liorer la texture et le tonus g\u00e9n\u00e9ral de la peau.  <\/p>\n<p>En plus de rajeunir le visage, le Dermapen traite \u00e9galement les cicatrices, les vergetures et les pores dilat\u00e9s, am\u00e9liorant ainsi la texture de la peau. Associ\u00e9 \u00e0 des flacons st\u00e9riles d&rsquo;IRmedical, son effet est renforc\u00e9, offrant des solutions sp\u00e9cifiques telles que la fermet\u00e9, l&rsquo;effet lifting, la revitalisation des cheveux et l&rsquo;am\u00e9lioration de la peau du corps. conseils.<\/p>\n","protected":false},"excerpt":{"rendered":"<p>1 BO\u00ceTE 1 PRODUIT<\/p>\n","protected":false},"featured_media":8252,"comment_status":"closed","ping_status":"closed","template":"","meta":{"_acf_changed":false},"product_brand":[],"product_cat":[457,405,458],"product_tag":[459,354,460,461,436,462],"class_list":{"0":"post-8456","1":"product","2":"type-product","3":"status-publish","4":"has-post-thumbnail","6":"product_cat-dispositivos-fr","7":"product_cat-vial-esteril-fr","8":"product_cat-micropuncion-fr","9":"product_tag-derma-ir-fr","10":"product_tag-dermapen-fr","11":"product_tag-facial-fr","12":"product_tag-micropuncion-fr","13":"product_tag-corporal-fr","14":"product_tag-tratamientos-fr","16":"first","17":"instock","18":"taxable","19":"shipping-taxable","20":"purchasable","21":"product-type-simple"},"acf":[],"_links":{"self":[{"href":"https:\/\/irmedical.es\/fr\/wp-json\/wp\/v2\/product\/8456","targetHints":{"allow":["GET"]}}],"collection":[{"href":"https:\/\/irmedical.es\/fr\/wp-json\/wp\/v2\/product"}],"about":[{"href":"https:\/\/irmedical.es\/fr\/wp-json\/wp\/v2\/types\/product"}],"replies":[{"embeddable":true,"href":"https:\/\/irmedical.es\/fr\/wp-json\/wp\/v2\/comments?post=8456"}],"wp:featuredmedia":[{"embeddable":true,"href":"https:\/\/irmedical.es\/fr\/wp-json\/wp\/v2\/media\/8252"}],"wp:attachment":[{"href":"https:\/\/irmedical.es\/fr\/wp-json\/wp\/v2\/media?parent=8456"}],"wp:term":[{"taxonomy":"product_brand","embeddable":true,"href":"https:\/\/irmedical.es\/fr\/wp-json\/wp\/v2\/product_brand?post=8456"},{"taxonomy":"product_cat","embeddable":true,"href":"https:\/\/irmedical.es\/fr\/wp-json\/wp\/v2\/product_cat?post=8456"},{"taxonomy":"product_tag","embeddable":true,"href":"https:\/\/irmedical.es\/fr\/wp-json\/wp\/v2\/product_tag?post=8456"}],"curies":[{"name":"wp","href":"https:\/\/api.w.org\/{rel}","templated":true}]}}