{"id":8452,"date":"2024-06-13T15:17:43","date_gmt":"2024-06-13T15:17:43","guid":{"rendered":"https:\/\/irmedical.es\/productos\/pack-capilar\/"},"modified":"2025-02-07T08:19:09","modified_gmt":"2025-02-07T08:19:09","slug":"pack-capilar","status":"publish","type":"product","link":"https:\/\/irmedical.es\/fr\/productos\/pack-capilar\/","title":{"rendered":"PACK CHEVEUX"},"content":{"rendered":"<p>Ce pack propose un soin capillaire complet : le S\u00e9rum R\u00e9g\u00e9n\u00e9rant aux Facteurs de Croissance VEGF et Follistatine revitalise et renforce d\u00e8s les racines, le Shampoing RBC nettoie et pr\u00e9pare le cuir chevelu, et le S\u00e9rum Capillaire Photosensibilisant stimule la croissance et am\u00e9liore la sant\u00e9 des cheveux, notamment avant l&rsquo;exposition au soleil. Ensemble, ils assurent des cheveux revitalis\u00e9s et dans un \u00e9tat optimal.<\/p>\n","protected":false},"excerpt":{"rendered":"<p>1 SHAMPOOING 250ML. 1 S\u00c9RUM 80ML. 1 S\u00c9RUM 150ML  <\/p>\n","protected":false},"featured_media":7758,"comment_status":"closed","ping_status":"closed","template":"","meta":{"_acf_changed":false},"product_brand":[],"product_cat":[350,374,420],"product_tag":[421,422,423,424,425,427],"class_list":{"0":"post-8452","1":"product","2":"type-product","3":"status-publish","4":"has-post-thumbnail","6":"product_cat-cabina-y-mantenimiento-fr","7":"product_cat-cosmeceutique","8":"product_cat-cosmeceutica-capilar-fr","9":"product_tag-alopecia-fr","10":"product_tag-caida-capilar-fr","11":"product_tag-calvicie-fr","12":"product_tag-pelo-fr","13":"product_tag-regeneracion-capilar-fr","14":"product_tag-vitaminas-pelo-fr","16":"first","17":"instock","18":"taxable","19":"shipping-taxable","20":"purchasable","21":"product-type-simple"},"acf":[],"_links":{"self":[{"href":"https:\/\/irmedical.es\/fr\/wp-json\/wp\/v2\/product\/8452","targetHints":{"allow":["GET"]}}],"collection":[{"href":"https:\/\/irmedical.es\/fr\/wp-json\/wp\/v2\/product"}],"about":[{"href":"https:\/\/irmedical.es\/fr\/wp-json\/wp\/v2\/types\/product"}],"replies":[{"embeddable":true,"href":"https:\/\/irmedical.es\/fr\/wp-json\/wp\/v2\/comments?post=8452"}],"wp:featuredmedia":[{"embeddable":true,"href":"https:\/\/irmedical.es\/fr\/wp-json\/wp\/v2\/media\/7758"}],"wp:attachment":[{"href":"https:\/\/irmedical.es\/fr\/wp-json\/wp\/v2\/media?parent=8452"}],"wp:term":[{"taxonomy":"product_brand","embeddable":true,"href":"https:\/\/irmedical.es\/fr\/wp-json\/wp\/v2\/product_brand?post=8452"},{"taxonomy":"product_cat","embeddable":true,"href":"https:\/\/irmedical.es\/fr\/wp-json\/wp\/v2\/product_cat?post=8452"},{"taxonomy":"product_tag","embeddable":true,"href":"https:\/\/irmedical.es\/fr\/wp-json\/wp\/v2\/product_tag?post=8452"}],"curies":[{"name":"wp","href":"https:\/\/api.w.org\/{rel}","templated":true}]}}