{"id":8431,"date":"2024-06-13T15:17:44","date_gmt":"2024-06-13T15:17:44","guid":{"rendered":"https:\/\/irmedical.es\/productos\/ir-presso-high\/"},"modified":"2025-02-06T11:57:07","modified_gmt":"2025-02-06T11:57:07","slug":"ir-presso-high","status":"publish","type":"product","link":"https:\/\/irmedical.es\/fr\/productos\/ir-presso-high\/","title":{"rendered":"IR PRESSO HIGH"},"content":{"rendered":"<p>La pressoth\u00e9rapie est un traitement esth\u00e9tique non invasif qui utilise la pression de l&rsquo;air pour effectuer un drainage lymphatique, am\u00e9liorant ainsi la circulation, r\u00e9duisant la r\u00e9tention d&rsquo;eau et soulageant la sensation de jambes fatigu\u00e9es. La machine applique une pression contr\u00f4l\u00e9e \u00e0 travers des chambres \u00e0 air, offrant une exp\u00e9rience confortable et efficace. Id\u00e9al en compl\u00e9ment d\u2019autres soins, l\u2019\u00e9quipement est facile \u00e0 placer et \u00e0 utiliser.<\/p>\n<p>Il s&rsquo;agit d&rsquo;un appareil mains libres qui s&rsquo;ajuste facilement et offre des avantages tels que le drainage lymphatique, la r\u00e9duction de la cellulite, le soulagement des jambes fatigu\u00e9es, une meilleure circulation et un soutien \u00e0 la r\u00e9cup\u00e9ration postop\u00e9ratoire. Equip\u00e9 de chambres \u00e0 air de haute pr\u00e9cision, d&rsquo;un syst\u00e8me de contr\u00f4le num\u00e9rique et de programmes personnalis\u00e9s, il garantit un traitement s\u00fbr et adapt\u00e9 aux besoins de chacun.<\/p>\n","protected":false},"excerpt":{"rendered":"<p>COSTUME 1 UNIT\u00c9 APPAREIL 1 UNIT\u00c9<\/p>\n","protected":false},"featured_media":9634,"comment_status":"closed","ping_status":"closed","template":"","meta":{"_acf_changed":false},"product_brand":[],"product_cat":[457,486,504],"product_tag":[505,506,507,508],"class_list":{"0":"post-8431","1":"product","2":"type-product","3":"status-publish","4":"has-post-thumbnail","6":"product_cat-dispositivos-fr","7":"product_cat-equipos-fr","8":"product_cat-presoterapia-fr","9":"product_tag-drenaje-linfatico-fr","10":"product_tag-masaje-fr","11":"product_tag-relajacion-fr","12":"product_tag-tratamiento-corporal-fr","14":"first","15":"instock","16":"taxable","17":"shipping-taxable","18":"purchasable","19":"product-type-simple"},"acf":[],"_links":{"self":[{"href":"https:\/\/irmedical.es\/fr\/wp-json\/wp\/v2\/product\/8431","targetHints":{"allow":["GET"]}}],"collection":[{"href":"https:\/\/irmedical.es\/fr\/wp-json\/wp\/v2\/product"}],"about":[{"href":"https:\/\/irmedical.es\/fr\/wp-json\/wp\/v2\/types\/product"}],"replies":[{"embeddable":true,"href":"https:\/\/irmedical.es\/fr\/wp-json\/wp\/v2\/comments?post=8431"}],"wp:featuredmedia":[{"embeddable":true,"href":"https:\/\/irmedical.es\/fr\/wp-json\/wp\/v2\/media\/9634"}],"wp:attachment":[{"href":"https:\/\/irmedical.es\/fr\/wp-json\/wp\/v2\/media?parent=8431"}],"wp:term":[{"taxonomy":"product_brand","embeddable":true,"href":"https:\/\/irmedical.es\/fr\/wp-json\/wp\/v2\/product_brand?post=8431"},{"taxonomy":"product_cat","embeddable":true,"href":"https:\/\/irmedical.es\/fr\/wp-json\/wp\/v2\/product_cat?post=8431"},{"taxonomy":"product_tag","embeddable":true,"href":"https:\/\/irmedical.es\/fr\/wp-json\/wp\/v2\/product_tag?post=8431"}],"curies":[{"name":"wp","href":"https:\/\/api.w.org\/{rel}","templated":true}]}}