{"id":8428,"date":"2024-06-13T15:17:44","date_gmt":"2024-06-13T15:17:44","guid":{"rendered":"https:\/\/irmedical.es\/productos\/ir-dermo-diamond\/"},"modified":"2025-02-06T11:53:47","modified_gmt":"2025-02-06T11:53:47","slug":"ir-dermo-diamond","status":"publish","type":"product","link":"https:\/\/irmedical.es\/fr\/productos\/ir-dermo-diamond\/","title":{"rendered":"IR DERMO DIAMOND"},"content":{"rendered":"<p>La microdermabrasion \u00e0 pointe de diamant est un traitement esth\u00e9tique non invasif qui utilise des pointes de diamant pour exfolier en douceur la couche superficielle de la peau, \u00e9liminant les cellules mortes et stimulant la r\u00e9g\u00e9n\u00e9ration cellulaire. Cette proc\u00e9dure am\u00e9liore la texture et le tonus de la peau, la laissant plus lisse et plus \u00e9clatante. Id\u00e9al pour traiter les imperfections telles que les cicatrices, les imperfections et les ridules, il offre des r\u00e9sultats visibles d\u00e8s les premi\u00e8res s\u00e9ances.<\/p>\n<p>Il propose une exfoliation pr\u00e9cise et personnalis\u00e9e avec diff\u00e9rentes astuces adapt\u00e9es aux besoins du client, am\u00e9liorant la texture, la tonicit\u00e9 et l&rsquo;apparence de la peau. La machine est \u00e9quip\u00e9e de jusqu&rsquo;\u00e0 9 pointes diamant\u00e9es de diff\u00e9rentes tailles et poids, et dispose d&rsquo;un syst\u00e8me de filtration avanc\u00e9 pour garder l&rsquo;\u00e9quipement propre et dans un \u00e9tat optimal. Il permet d&rsquo;ajuster la succion et l&rsquo;intensit\u00e9 pour s&rsquo;adapter \u00e0 tous les types de peau et \u00e0 tous les besoins sp\u00e9cifiques.<\/p>\n","protected":false},"excerpt":{"rendered":"<p>1 BO\u00ceTE 1 UNIT\u00c9<\/p>\n","protected":false},"featured_media":7250,"comment_status":"closed","ping_status":"closed","template":"","meta":{"_acf_changed":false},"product_brand":[],"product_cat":[486,495],"product_tag":[496,497,498],"class_list":{"0":"post-8428","1":"product","2":"type-product","3":"status-publish","4":"has-post-thumbnail","6":"product_cat-equipos-fr","7":"product_cat-microdermoabrasion-con-punta-de-diamante-fr","8":"product_tag-exfoliacion-fr","9":"product_tag-higiene-facial-fr","10":"product_tag-limpieza-profunda-fr","12":"first","13":"instock","14":"taxable","15":"shipping-taxable","16":"purchasable","17":"product-type-simple"},"acf":[],"_links":{"self":[{"href":"https:\/\/irmedical.es\/fr\/wp-json\/wp\/v2\/product\/8428","targetHints":{"allow":["GET"]}}],"collection":[{"href":"https:\/\/irmedical.es\/fr\/wp-json\/wp\/v2\/product"}],"about":[{"href":"https:\/\/irmedical.es\/fr\/wp-json\/wp\/v2\/types\/product"}],"replies":[{"embeddable":true,"href":"https:\/\/irmedical.es\/fr\/wp-json\/wp\/v2\/comments?post=8428"}],"wp:featuredmedia":[{"embeddable":true,"href":"https:\/\/irmedical.es\/fr\/wp-json\/wp\/v2\/media\/7250"}],"wp:attachment":[{"href":"https:\/\/irmedical.es\/fr\/wp-json\/wp\/v2\/media?parent=8428"}],"wp:term":[{"taxonomy":"product_brand","embeddable":true,"href":"https:\/\/irmedical.es\/fr\/wp-json\/wp\/v2\/product_brand?post=8428"},{"taxonomy":"product_cat","embeddable":true,"href":"https:\/\/irmedical.es\/fr\/wp-json\/wp\/v2\/product_cat?post=8428"},{"taxonomy":"product_tag","embeddable":true,"href":"https:\/\/irmedical.es\/fr\/wp-json\/wp\/v2\/product_tag?post=8428"}],"curies":[{"name":"wp","href":"https:\/\/api.w.org\/{rel}","templated":true}]}}