{"id":8426,"date":"2024-06-13T15:17:44","date_gmt":"2024-06-13T15:17:44","guid":{"rendered":"https:\/\/irmedical.es\/productos\/ir-messoactive\/"},"modified":"2025-02-06T11:51:02","modified_gmt":"2025-02-06T11:51:02","slug":"ir-messoactive","status":"publish","type":"product","link":"https:\/\/irmedical.es\/fr\/productos\/ir-messoactive\/","title":{"rendered":"IR MESSOACTIVE"},"content":{"rendered":"<p>La m\u00e9soth\u00e9rapie virtuelle Mesoactive IR est une machine avanc\u00e9e qui permet l&rsquo;introduction d&rsquo;ingr\u00e9dients actifs dans la peau sans avoir besoin d&rsquo;aiguilles. Elle utilise des technologies innovantes pour offrir des traitements s\u00fbrs et efficaces, am\u00e9liorant l&rsquo;apparence et la sant\u00e9 de la peau de mani\u00e8re confortable et non invasive. Id\u00e9al pour rajeunir la peau, lui apporter une hydratation en profondeur et traiter des probl\u00e8mes tels que la cellulite et l&rsquo;acn\u00e9.  <\/p>\n<p>La combinaison d&rsquo;\u00e9quipements et de produits sp\u00e9cialis\u00e9s permet d&rsquo;adapter chaque traitement aux besoins individuels des clients, obtenant des r\u00e9sultats visibles et durables. La machine int\u00e8gre quatre technologies avanc\u00e9es : les ultrasons pour une p\u00e9n\u00e9tration profonde, l&rsquo;\u00e9lectroporation pour une meilleure absorption, le froid pour r\u00e9duire les irritations et la chromoth\u00e9rapie pour stimuler la r\u00e9g\u00e9n\u00e9ration cellulaire. Cela garantit un traitement confortable et efficace sans utilisation d\u2019aiguilles ni de capillaires.<\/p>\n","protected":false},"excerpt":{"rendered":"<p>1 BO\u00ceTE 1 UNIT\u00c9<\/p>\n","protected":false},"featured_media":7230,"comment_status":"closed","ping_status":"closed","template":"","meta":{"_acf_changed":false},"product_brand":[],"product_cat":[486,405,487],"product_tag":[488,460,489,436,490],"class_list":{"0":"post-8426","1":"product","2":"type-product","3":"status-publish","4":"has-post-thumbnail","6":"product_cat-equipos-fr","7":"product_cat-vial-esteril-fr","8":"product_cat-mesoterapia-virtual-fr","9":"product_tag-activos-fr","10":"product_tag-facial-fr","11":"product_tag-mesoterapia-virtual-fr","12":"product_tag-corporal-fr","13":"product_tag-viales-esteriles-fr","15":"first","16":"instock","17":"taxable","18":"shipping-taxable","19":"purchasable","20":"product-type-simple"},"acf":[],"_links":{"self":[{"href":"https:\/\/irmedical.es\/fr\/wp-json\/wp\/v2\/product\/8426","targetHints":{"allow":["GET"]}}],"collection":[{"href":"https:\/\/irmedical.es\/fr\/wp-json\/wp\/v2\/product"}],"about":[{"href":"https:\/\/irmedical.es\/fr\/wp-json\/wp\/v2\/types\/product"}],"replies":[{"embeddable":true,"href":"https:\/\/irmedical.es\/fr\/wp-json\/wp\/v2\/comments?post=8426"}],"wp:featuredmedia":[{"embeddable":true,"href":"https:\/\/irmedical.es\/fr\/wp-json\/wp\/v2\/media\/7230"}],"wp:attachment":[{"href":"https:\/\/irmedical.es\/fr\/wp-json\/wp\/v2\/media?parent=8426"}],"wp:term":[{"taxonomy":"product_brand","embeddable":true,"href":"https:\/\/irmedical.es\/fr\/wp-json\/wp\/v2\/product_brand?post=8426"},{"taxonomy":"product_cat","embeddable":true,"href":"https:\/\/irmedical.es\/fr\/wp-json\/wp\/v2\/product_cat?post=8426"},{"taxonomy":"product_tag","embeddable":true,"href":"https:\/\/irmedical.es\/fr\/wp-json\/wp\/v2\/product_tag?post=8426"}],"curies":[{"name":"wp","href":"https:\/\/api.w.org\/{rel}","templated":true}]}}