{"id":8413,"date":"2024-06-13T16:59:35","date_gmt":"2024-06-13T16:59:35","guid":{"rendered":"https:\/\/irmedical.es\/productos\/locion-desmaquillante-2\/"},"modified":"2025-02-06T11:27:21","modified_gmt":"2025-02-06T11:27:21","slug":"locion-desmaquillante-2","status":"publish","type":"product","link":"https:\/\/irmedical.es\/fr\/productos\/locion-desmaquillante-2\/","title":{"rendered":"LOTION D\u00c9MAQUILLANTE"},"content":{"rendered":"<p>Cette lotion d\u00e9maquillante aqueuse, au tensioactif amphot\u00e8re d\u00e9riv\u00e9 des acides gras de coco, \u00e9limine efficacement les salet\u00e9s de la peau. Sa formule nettoie en profondeur, gardant la peau fra\u00eeche et purifi\u00e9e. Pr\u00e9sent\u00e9 dans un contenant de 250 ml.<\/p>\n<p>&nbsp;<\/p>\n","protected":false},"excerpt":{"rendered":"<p>1 CONTENANT 250ML<\/p>\n","protected":false},"featured_media":7304,"comment_status":"closed","ping_status":"closed","template":"","meta":{"_acf_changed":false},"product_brand":[],"product_cat":[470,471],"product_tag":[472,460,473,381,474],"class_list":{"0":"post-8413","1":"product","2":"type-product","3":"status-publish","4":"has-post-thumbnail","6":"product_cat-limpiadores-y-tonicos-higiene-facial-piel-sensible-hidratacion-fr","7":"product_cat-producto-facial-fr","8":"product_tag-desmaquillante-fr","9":"product_tag-facial-fr","10":"product_tag-limpieza-fr","11":"product_tag-skin-care-fr","12":"product_tag-tonico-fr","14":"first","15":"outofstock","16":"taxable","17":"shipping-taxable","18":"purchasable","19":"product-type-simple"},"acf":[],"_links":{"self":[{"href":"https:\/\/irmedical.es\/fr\/wp-json\/wp\/v2\/product\/8413","targetHints":{"allow":["GET"]}}],"collection":[{"href":"https:\/\/irmedical.es\/fr\/wp-json\/wp\/v2\/product"}],"about":[{"href":"https:\/\/irmedical.es\/fr\/wp-json\/wp\/v2\/types\/product"}],"replies":[{"embeddable":true,"href":"https:\/\/irmedical.es\/fr\/wp-json\/wp\/v2\/comments?post=8413"}],"wp:featuredmedia":[{"embeddable":true,"href":"https:\/\/irmedical.es\/fr\/wp-json\/wp\/v2\/media\/7304"}],"wp:attachment":[{"href":"https:\/\/irmedical.es\/fr\/wp-json\/wp\/v2\/media?parent=8413"}],"wp:term":[{"taxonomy":"product_brand","embeddable":true,"href":"https:\/\/irmedical.es\/fr\/wp-json\/wp\/v2\/product_brand?post=8413"},{"taxonomy":"product_cat","embeddable":true,"href":"https:\/\/irmedical.es\/fr\/wp-json\/wp\/v2\/product_cat?post=8413"},{"taxonomy":"product_tag","embeddable":true,"href":"https:\/\/irmedical.es\/fr\/wp-json\/wp\/v2\/product_tag?post=8413"}],"curies":[{"name":"wp","href":"https:\/\/api.w.org\/{rel}","templated":true}]}}