{"id":8410,"date":"2024-06-13T16:59:35","date_gmt":"2024-06-13T16:59:35","guid":{"rendered":"https:\/\/irmedical.es\/productos\/leche-limpiadora-2\/"},"modified":"2025-02-06T11:25:00","modified_gmt":"2025-02-06T11:25:00","slug":"leche-limpiadora-2","status":"publish","type":"product","link":"https:\/\/irmedical.es\/fr\/productos\/leche-limpiadora-2\/","title":{"rendered":"LAIT NETTOYANT"},"content":{"rendered":"<p>Ce lait d\u00e9maquillant \u00e9limine en douceur les impuret\u00e9s et le maquillage, en respectant l&rsquo;\u00e9quilibre naturel de la peau. Sa formule enrichie en ingr\u00e9dients hydratants laisse la peau propre, fra\u00eeche et douce sans la dess\u00e9cher. Id\u00e9al pour un nettoyage quotidien efficace et confortable.<\/p>\n","protected":false},"excerpt":{"rendered":"<p>1 CONTENANT 250ML<\/p>\n","protected":false},"featured_media":7302,"comment_status":"closed","ping_status":"closed","template":"","meta":{"_acf_changed":false},"product_brand":[],"product_cat":[470,471],"product_tag":[472,460,473,381,474],"class_list":{"0":"post-8410","1":"product","2":"type-product","3":"status-publish","4":"has-post-thumbnail","6":"product_cat-limpiadores-y-tonicos-higiene-facial-piel-sensible-hidratacion-fr","7":"product_cat-producto-facial-fr","8":"product_tag-desmaquillante-fr","9":"product_tag-facial-fr","10":"product_tag-limpieza-fr","11":"product_tag-skin-care-fr","12":"product_tag-tonico-fr","14":"first","15":"outofstock","16":"taxable","17":"shipping-taxable","18":"purchasable","19":"product-type-simple"},"acf":[],"_links":{"self":[{"href":"https:\/\/irmedical.es\/fr\/wp-json\/wp\/v2\/product\/8410","targetHints":{"allow":["GET"]}}],"collection":[{"href":"https:\/\/irmedical.es\/fr\/wp-json\/wp\/v2\/product"}],"about":[{"href":"https:\/\/irmedical.es\/fr\/wp-json\/wp\/v2\/types\/product"}],"replies":[{"embeddable":true,"href":"https:\/\/irmedical.es\/fr\/wp-json\/wp\/v2\/comments?post=8410"}],"wp:featuredmedia":[{"embeddable":true,"href":"https:\/\/irmedical.es\/fr\/wp-json\/wp\/v2\/media\/7302"}],"wp:attachment":[{"href":"https:\/\/irmedical.es\/fr\/wp-json\/wp\/v2\/media?parent=8410"}],"wp:term":[{"taxonomy":"product_brand","embeddable":true,"href":"https:\/\/irmedical.es\/fr\/wp-json\/wp\/v2\/product_brand?post=8410"},{"taxonomy":"product_cat","embeddable":true,"href":"https:\/\/irmedical.es\/fr\/wp-json\/wp\/v2\/product_cat?post=8410"},{"taxonomy":"product_tag","embeddable":true,"href":"https:\/\/irmedical.es\/fr\/wp-json\/wp\/v2\/product_tag?post=8410"}],"curies":[{"name":"wp","href":"https:\/\/api.w.org\/{rel}","templated":true}]}}