{"id":8403,"date":"2024-09-13T16:15:11","date_gmt":"2024-09-13T16:15:11","guid":{"rendered":"https:\/\/irmedical.es\/productos\/medium-copia\/"},"modified":"2025-02-06T10:52:49","modified_gmt":"2025-02-06T10:52:49","slug":"medium-copia","status":"publish","type":"product","link":"https:\/\/irmedical.es\/fr\/productos\/medium-copia\/","title":{"rendered":"Strong"},"content":{"rendered":"<p class=\"cvGsUA direction-ltr align-center para-style-body\"><span class=\"OYPEnA font-feature-liga-off font-feature-clig-off font-feature-calt-off text-decoration-none text-strikethrough-none\">De par sa forte concentration en HA, My Filler Strong est unique dans le monde des fillers \u00e0 base d&rsquo;acide hyaluronique. Particuli\u00e8rement recommand\u00e9 pour la mod\u00e9lisation et les corrections \u00e0 volume \u00e9lev\u00e9. <\/span><\/p>\n<p class=\"cvGsUA direction-ltr align-start para-style-body\"><span class=\"OYPEnA font-feature-liga-off font-feature-clig-off font-feature-calt-off text-decoration-none text-strikethrough-none\"><span class=\"OYPEnA font-feature-liga-off font-feature-clig-off font-feature-calt-off text-decoration-none text-strikethrough-none\">\u2022 Profondeur d&rsquo;injection recommand\u00e9e : <\/span><\/span><span class=\"OYPEnA font-feature-liga-off font-feature-clig-off font-feature-calt-off text-decoration-none text-strikethrough-none\">du derme profond au p\u00e9rioste<\/span><\/p>\n<p class=\"cvGsUA direction-ltr align-start para-style-body\"><span class=\"OYPEnA font-feature-liga-off font-feature-clig-off font-feature-calt-off text-decoration-none text-strikethrough-none\"><span class=\"OYPEnA font-feature-liga-off font-feature-clig-off font-feature-calt-off text-decoration-none text-strikethrough-none\">\u2022 Zones recommand\u00e9es : <\/span><\/span><span class=\"OYPEnA font-feature-liga-off font-feature-clig-off font-feature-calt-off text-decoration-none text-strikethrough-none\">menton, arc mandibulaire, nez et tiers m\u00e9dian.<\/span><\/p>\n<p class=\"cvGsUA direction-ltr align-start para-style-body\"><span class=\"OYPEnA font-feature-liga-off font-feature-clig-off font-feature-calt-off text-decoration-none text-strikethrough-none\"><span class=\"OYPEnA font-feature-liga-off font-feature-clig-off font-feature-calt-off text-decoration-none text-strikethrough-none\">\u2022 Autres fonctionnalit\u00e9s :<\/span><\/span><span class=\"OYPEnA font-feature-liga-off font-feature-clig-off font-feature-calt-off text-decoration-none text-strikethrough-none\"> Haute densit\u00e9 et viscosit\u00e9. Excellentes propri\u00e9t\u00e9s de formabilit\u00e9 et d&rsquo;adaptabilit\u00e9. <\/span><\/p>\n<p class=\"cvGsUA direction-ltr align-start para-style-body\"><span class=\"OYPEnA font-feature-liga-off font-feature-clig-off font-feature-calt-off text-decoration-none text-strikethrough-none\">Apr\u00e8s infiltration, le mat\u00e9riau reste stable dans la zone, \u00e9vitant ainsi tout type de migration inattendue.<\/span><\/p>\n","protected":false},"excerpt":{"rendered":"<p><span class=\"OYPEnA font-feature-liga-off font-feature-clig-off font-feature-calt-off text-decoration-none text-strikethrough-none\">INNOVANT &#8211; L&rsquo;EXPERT EN AUGMENTATION DE VOLUME<\/span><\/p>\n","protected":false},"featured_media":7520,"comment_status":"open","ping_status":"closed","template":"","meta":{"_acf_changed":false},"product_brand":[],"product_cat":[464,405],"product_tag":[],"class_list":{"0":"post-8403","1":"product","2":"type-product","3":"status-publish","4":"has-post-thumbnail","6":"product_cat-fillers-fr","7":"product_cat-vial-esteril-fr","9":"first","10":"instock","11":"taxable","12":"shipping-taxable","13":"product-type-simple"},"acf":[],"_links":{"self":[{"href":"https:\/\/irmedical.es\/fr\/wp-json\/wp\/v2\/product\/8403","targetHints":{"allow":["GET"]}}],"collection":[{"href":"https:\/\/irmedical.es\/fr\/wp-json\/wp\/v2\/product"}],"about":[{"href":"https:\/\/irmedical.es\/fr\/wp-json\/wp\/v2\/types\/product"}],"replies":[{"embeddable":true,"href":"https:\/\/irmedical.es\/fr\/wp-json\/wp\/v2\/comments?post=8403"}],"wp:featuredmedia":[{"embeddable":true,"href":"https:\/\/irmedical.es\/fr\/wp-json\/wp\/v2\/media\/7520"}],"wp:attachment":[{"href":"https:\/\/irmedical.es\/fr\/wp-json\/wp\/v2\/media?parent=8403"}],"wp:term":[{"taxonomy":"product_brand","embeddable":true,"href":"https:\/\/irmedical.es\/fr\/wp-json\/wp\/v2\/product_brand?post=8403"},{"taxonomy":"product_cat","embeddable":true,"href":"https:\/\/irmedical.es\/fr\/wp-json\/wp\/v2\/product_cat?post=8403"},{"taxonomy":"product_tag","embeddable":true,"href":"https:\/\/irmedical.es\/fr\/wp-json\/wp\/v2\/product_tag?post=8403"}],"curies":[{"name":"wp","href":"https:\/\/api.w.org\/{rel}","templated":true}]}}