{"id":8395,"date":"2024-10-16T08:09:27","date_gmt":"2024-10-16T08:09:27","guid":{"rendered":"https:\/\/irmedical.es\/productos\/glicopeel-40\/"},"modified":"2025-02-06T09:41:52","modified_gmt":"2025-02-06T09:41:52","slug":"glicopeel-40","status":"publish","type":"product","link":"https:\/\/irmedical.es\/fr\/productos\/glicopeel-40\/","title":{"rendered":"GLICOPEEL 40"},"content":{"rendered":"<div class=\"flex-shrink-0 flex flex-col relative items-end\">\n<div>\n<div class=\"pt-0\">\n<div class=\"gizmo-bot-avatar flex h-8 w-8 items-center justify-center overflow-hidden rounded-full\">\n<div class=\"relative p-1 rounded-sm flex items-center justify-center bg-token-main-surface-primary text-token-text-primary h-8 w-8\"><\/div>\n<\/div>\n<\/div>\n<\/div>\n<\/div>\n<div class=\"group\/conversation-turn relative flex w-full min-w-0 flex-col agent-turn\">\n<div class=\"flex-col gap-1 md:gap-3\">\n<div class=\"flex max-w-full flex-col flex-grow\">\n<div class=\"min-h-8 text-message flex w-full flex-col items-end gap-2 whitespace-normal break-words [.text-message+&amp;]:mt-5\" dir=\"auto\" data-message-author-role=\"assistant\" data-message-id=\"42c9bb05-e458-429d-b550-505f2fb680b5\" data-message-model-slug=\"gpt-4o\">\n<div class=\"flex w-full flex-col gap-1 empty:hidden first:pt-[3px]\">\n<div class=\"markdown prose w-full break-words dark:prose-invert light\">\n<p>Acide alpha-hydroxy haute tol\u00e9rance, adapt\u00e9 \u00e0 tous les types de peau. Gr\u00e2ce \u00e0 son faible poids mol\u00e9culaire, il poss\u00e8de une excellente capacit\u00e9 de p\u00e9n\u00e9tration. Id\u00e9al pour traiter les dyschromies superficielles et les petites rides, il facilite l&rsquo;\u00e9limination des corn\u00e9ocytes et favorise l&rsquo;hydratation et la r\u00e9g\u00e9n\u00e9ration cellulaire. Indiqu\u00e9 pour le traitement du vieillissement de grade I, II et III. 50ml<\/p>\n<\/div>\n<\/div>\n<\/div>\n<\/div>\n<\/div>\n<\/div>\n","protected":false},"excerpt":{"rendered":"<p>1 CONTENANT 50ML<\/p>\n","protected":false},"featured_media":8050,"comment_status":"closed","ping_status":"closed","template":"","meta":{"_acf_changed":false},"product_brand":[],"product_cat":[350,351,352],"product_tag":[353,354,355,356,357],"class_list":{"0":"post-8395","1":"product","2":"type-product","3":"status-publish","4":"has-post-thumbnail","6":"product_cat-cabina-y-mantenimiento-fr","7":"product_cat-cosmetica-clinica-fr","8":"product_cat-peelings-quimicos-fr","9":"product_tag-cosmetica-fr","10":"product_tag-dermapen-fr","11":"product_tag-despigmentante-fr","12":"product_tag-peeling-quimico-fr","13":"product_tag-pretratamiento-fr","15":"first","16":"outofstock","17":"taxable","18":"shipping-taxable","19":"purchasable","20":"product-type-simple"},"acf":[],"_links":{"self":[{"href":"https:\/\/irmedical.es\/fr\/wp-json\/wp\/v2\/product\/8395","targetHints":{"allow":["GET"]}}],"collection":[{"href":"https:\/\/irmedical.es\/fr\/wp-json\/wp\/v2\/product"}],"about":[{"href":"https:\/\/irmedical.es\/fr\/wp-json\/wp\/v2\/types\/product"}],"replies":[{"embeddable":true,"href":"https:\/\/irmedical.es\/fr\/wp-json\/wp\/v2\/comments?post=8395"}],"wp:featuredmedia":[{"embeddable":true,"href":"https:\/\/irmedical.es\/fr\/wp-json\/wp\/v2\/media\/8050"}],"wp:attachment":[{"href":"https:\/\/irmedical.es\/fr\/wp-json\/wp\/v2\/media?parent=8395"}],"wp:term":[{"taxonomy":"product_brand","embeddable":true,"href":"https:\/\/irmedical.es\/fr\/wp-json\/wp\/v2\/product_brand?post=8395"},{"taxonomy":"product_cat","embeddable":true,"href":"https:\/\/irmedical.es\/fr\/wp-json\/wp\/v2\/product_cat?post=8395"},{"taxonomy":"product_tag","embeddable":true,"href":"https:\/\/irmedical.es\/fr\/wp-json\/wp\/v2\/product_tag?post=8395"}],"curies":[{"name":"wp","href":"https:\/\/api.w.org\/{rel}","templated":true}]}}