{"id":8390,"date":"2024-10-16T08:16:38","date_gmt":"2024-10-16T08:16:38","guid":{"rendered":"https:\/\/irmedical.es\/productos\/salicilipeel-2\/"},"modified":"2025-02-06T09:37:45","modified_gmt":"2025-02-06T09:37:45","slug":"salicilipeel-2","status":"publish","type":"product","link":"https:\/\/irmedical.es\/fr\/productos\/salicilipeel-2\/","title":{"rendered":"SALICILIPEEL 2"},"content":{"rendered":"<div class=\"flex-shrink-0 flex flex-col relative items-end\">\n<div>\n<div class=\"pt-0\">\n<div class=\"gizmo-bot-avatar flex h-8 w-8 items-center justify-center overflow-hidden rounded-full\">\n<div class=\"relative p-1 rounded-sm flex items-center justify-center bg-token-main-surface-primary text-token-text-primary h-8 w-8\">Acide salicylique 2% et acide mand\u00e9lique 8%. Acide b\u00eatahydroxy (BHA) \u00e0 puissante action exfoliante qui r\u00e9gule la production de s\u00e9bum dans le canal pilo-s\u00e9bac\u00e9. Il offre des propri\u00e9t\u00e9s anti-inflammatoires, antimicrobiennes, k\u00e9ratolytiques et com\u00e9dolytiques. 50 ml.   <\/div>\n<\/div>\n<\/div>\n<\/div>\n<\/div>\n","protected":false},"excerpt":{"rendered":"<p>1 CONTENANT 50ML<\/p>\n","protected":false},"featured_media":8052,"comment_status":"closed","ping_status":"closed","template":"","meta":{"_acf_changed":false},"product_brand":[],"product_cat":[350,351,352],"product_tag":[353,354,355,356,357],"class_list":{"0":"post-8390","1":"product","2":"type-product","3":"status-publish","4":"has-post-thumbnail","6":"product_cat-cabina-y-mantenimiento-fr","7":"product_cat-cosmetica-clinica-fr","8":"product_cat-peelings-quimicos-fr","9":"product_tag-cosmetica-fr","10":"product_tag-dermapen-fr","11":"product_tag-despigmentante-fr","12":"product_tag-peeling-quimico-fr","13":"product_tag-pretratamiento-fr","15":"first","16":"instock","17":"taxable","18":"shipping-taxable","19":"purchasable","20":"product-type-simple"},"acf":[],"_links":{"self":[{"href":"https:\/\/irmedical.es\/fr\/wp-json\/wp\/v2\/product\/8390","targetHints":{"allow":["GET"]}}],"collection":[{"href":"https:\/\/irmedical.es\/fr\/wp-json\/wp\/v2\/product"}],"about":[{"href":"https:\/\/irmedical.es\/fr\/wp-json\/wp\/v2\/types\/product"}],"replies":[{"embeddable":true,"href":"https:\/\/irmedical.es\/fr\/wp-json\/wp\/v2\/comments?post=8390"}],"wp:featuredmedia":[{"embeddable":true,"href":"https:\/\/irmedical.es\/fr\/wp-json\/wp\/v2\/media\/8052"}],"wp:attachment":[{"href":"https:\/\/irmedical.es\/fr\/wp-json\/wp\/v2\/media?parent=8390"}],"wp:term":[{"taxonomy":"product_brand","embeddable":true,"href":"https:\/\/irmedical.es\/fr\/wp-json\/wp\/v2\/product_brand?post=8390"},{"taxonomy":"product_cat","embeddable":true,"href":"https:\/\/irmedical.es\/fr\/wp-json\/wp\/v2\/product_cat?post=8390"},{"taxonomy":"product_tag","embeddable":true,"href":"https:\/\/irmedical.es\/fr\/wp-json\/wp\/v2\/product_tag?post=8390"}],"curies":[{"name":"wp","href":"https:\/\/api.w.org\/{rel}","templated":true}]}}