{"id":8386,"date":"2024-12-12T10:26:37","date_gmt":"2024-12-12T10:26:37","guid":{"rendered":"https:\/\/irmedical.es\/productos\/dispositivo-active-derma-ir\/"},"modified":"2025-02-06T09:33:23","modified_gmt":"2025-02-06T09:33:23","slug":"dispositivo-active-derma-ir","status":"publish","type":"product","link":"https:\/\/irmedical.es\/fr\/productos\/dispositivo-active-derma-ir\/","title":{"rendered":"DISPOSITIF DERMA IR ACTIF"},"content":{"rendered":"<p>L&rsquo;appareil Active Derma IR combine les technologies avanc\u00e9es de microneedling, de microcourant (EMS) et de LED pour am\u00e9liorer la sant\u00e9 et l&rsquo;apparence de la peau. Le microneedling cr\u00e9e des canaux microscopiques qui permettent une meilleure absorption des principes actifs, tandis que le microcourant stimule les cellules et am\u00e9liore l&rsquo;\u00e9lasticit\u00e9.<\/p>\n<p>Gr\u00e2ce \u00e0 sa polyvalence, il peut \u00eatre utilis\u00e9 dans une large gamme de traitements, du rajeunissement \u00e0 la tonification musculaire. De plus, la combinaison avec les flacons st\u00e9riles IRmedical am\u00e9liore encore les r\u00e9sultats, r\u00e9pondant \u00e0 des besoins sp\u00e9cifiques tels que la fermet\u00e9, l&rsquo;\u00e9clat et l&rsquo;hydratation de la peau.<\/p>\n","protected":false},"excerpt":{"rendered":"<p>1 BO\u00ceTE 1 PRODUIT<\/p>\n","protected":false},"featured_media":8232,"comment_status":"closed","ping_status":"closed","template":"","meta":{"_acf_changed":false},"product_brand":[],"product_cat":[457,405,458],"product_tag":[459,354,460,461,436,462],"class_list":{"0":"post-8386","1":"product","2":"type-product","3":"status-publish","4":"has-post-thumbnail","6":"product_cat-dispositivos-fr","7":"product_cat-vial-esteril-fr","8":"product_cat-micropuncion-fr","9":"product_tag-derma-ir-fr","10":"product_tag-dermapen-fr","11":"product_tag-facial-fr","12":"product_tag-micropuncion-fr","13":"product_tag-corporal-fr","14":"product_tag-tratamientos-fr","16":"first","17":"instock","18":"taxable","19":"shipping-taxable","20":"purchasable","21":"product-type-simple"},"acf":[],"_links":{"self":[{"href":"https:\/\/irmedical.es\/fr\/wp-json\/wp\/v2\/product\/8386","targetHints":{"allow":["GET"]}}],"collection":[{"href":"https:\/\/irmedical.es\/fr\/wp-json\/wp\/v2\/product"}],"about":[{"href":"https:\/\/irmedical.es\/fr\/wp-json\/wp\/v2\/types\/product"}],"replies":[{"embeddable":true,"href":"https:\/\/irmedical.es\/fr\/wp-json\/wp\/v2\/comments?post=8386"}],"wp:featuredmedia":[{"embeddable":true,"href":"https:\/\/irmedical.es\/fr\/wp-json\/wp\/v2\/media\/8232"}],"wp:attachment":[{"href":"https:\/\/irmedical.es\/fr\/wp-json\/wp\/v2\/media?parent=8386"}],"wp:term":[{"taxonomy":"product_brand","embeddable":true,"href":"https:\/\/irmedical.es\/fr\/wp-json\/wp\/v2\/product_brand?post=8386"},{"taxonomy":"product_cat","embeddable":true,"href":"https:\/\/irmedical.es\/fr\/wp-json\/wp\/v2\/product_cat?post=8386"},{"taxonomy":"product_tag","embeddable":true,"href":"https:\/\/irmedical.es\/fr\/wp-json\/wp\/v2\/product_tag?post=8386"}],"curies":[{"name":"wp","href":"https:\/\/api.w.org\/{rel}","templated":true}]}}