{"id":8384,"date":"2024-12-12T11:26:19","date_gmt":"2024-12-12T11:26:19","guid":{"rendered":"https:\/\/irmedical.es\/productos\/dispositivo-lumina-face\/"},"modified":"2025-02-06T09:30:08","modified_gmt":"2025-02-06T09:30:08","slug":"dispositivo-lumina-face","status":"publish","type":"product","link":"https:\/\/irmedical.es\/fr\/productos\/dispositivo-lumina-face\/","title":{"rendered":"DISPOSITIF VISAGE LUMINA"},"content":{"rendered":"<div class=\"flex-shrink-0 flex flex-col relative items-end\">\n<div>\n<div class=\"pt-0\">\n<div class=\"gizmo-bot-avatar flex h-8 w-8 items-center justify-center overflow-hidden rounded-full\">\n<div class=\"relative p-1 rounded-sm flex items-center justify-center bg-token-main-surface-primary text-token-text-primary h-8 w-8\">Le masque th\u00e9rapeutique LED combine trois types de lumi\u00e8re pour am\u00e9liorer la sant\u00e9 de la peau : la lumi\u00e8re bleue pour traiter l&rsquo;acn\u00e9, la lumi\u00e8re jaune pour rajeunir et am\u00e9liorer l&rsquo;\u00e9lasticit\u00e9, et la lumi\u00e8re rouge et infrarouge pour r\u00e9g\u00e9n\u00e9rer les couches profondes de la peau.<\/div>\n<\/div>\n<\/div>\n<\/div>\n<\/div>\n<div class=\"group\/conversation-turn relative flex w-full min-w-0 flex-col agent-turn\">\n<div class=\"flex-col gap-1 md:gap-3\">\n<div class=\"flex max-w-full flex-col flex-grow\">\n<div class=\"min-h-8 text-message flex w-full flex-col items-end gap-2 whitespace-normal break-words text-start [.text-message+&amp;]:mt-5\" dir=\"auto\" data-message-author-role=\"assistant\" data-message-id=\"0e437c0d-6e25-4636-a2e5-5809eaafd675\" data-message-model-slug=\"gpt-4o-mini\">\n<div class=\"flex w-full flex-col gap-1 empty:hidden first:pt-[3px]\">\n<div class=\"markdown prose w-full break-words dark:prose-invert light\">\n<p>Son design ergonomique et sa mati\u00e8re en silicone liquide assurent le confort, tandis que son utilisation avec des principes actifs am\u00e9liore les r\u00e9sultats. Id\u00e9al pour am\u00e9liorer le teint, r\u00e9duire les rides et les cicatrices et lutter contre des probl\u00e8mes tels que l&rsquo;acn\u00e9. <\/p>\n<\/div>\n<\/div>\n<\/div>\n<\/div>\n<\/div>\n<\/div>\n","protected":false},"excerpt":{"rendered":"<p>Le masque th\u00e9rapeutique LED combine trois types de lumi\u00e8re pour am\u00e9liorer la sant\u00e9 de la peau : la lumi\u00e8re bleue pour traiter l&rsquo;acn\u00e9, la lumi\u00e8re jaune pour rajeunir et am\u00e9liorer l&rsquo;\u00e9lasticit\u00e9, et la lumi\u00e8re rouge et infrarouge pour r\u00e9g\u00e9n\u00e9rer les couches profondes de la peau. Son design ergonomique et sa mati\u00e8re en silicone liquide assurent [&hellip;]<\/p>\n","protected":false},"featured_media":8242,"comment_status":"closed","ping_status":"closed","template":"","meta":{"_acf_changed":false},"product_brand":[],"product_cat":[457,405,458],"product_tag":[459,354,460,461,436,462],"class_list":{"0":"post-8384","1":"product","2":"type-product","3":"status-publish","4":"has-post-thumbnail","6":"product_cat-dispositivos-fr","7":"product_cat-vial-esteril-fr","8":"product_cat-micropuncion-fr","9":"product_tag-derma-ir-fr","10":"product_tag-dermapen-fr","11":"product_tag-facial-fr","12":"product_tag-micropuncion-fr","13":"product_tag-corporal-fr","14":"product_tag-tratamientos-fr","16":"first","17":"instock","18":"taxable","19":"shipping-taxable","20":"purchasable","21":"product-type-simple"},"acf":[],"_links":{"self":[{"href":"https:\/\/irmedical.es\/fr\/wp-json\/wp\/v2\/product\/8384","targetHints":{"allow":["GET"]}}],"collection":[{"href":"https:\/\/irmedical.es\/fr\/wp-json\/wp\/v2\/product"}],"about":[{"href":"https:\/\/irmedical.es\/fr\/wp-json\/wp\/v2\/types\/product"}],"replies":[{"embeddable":true,"href":"https:\/\/irmedical.es\/fr\/wp-json\/wp\/v2\/comments?post=8384"}],"wp:featuredmedia":[{"embeddable":true,"href":"https:\/\/irmedical.es\/fr\/wp-json\/wp\/v2\/media\/8242"}],"wp:attachment":[{"href":"https:\/\/irmedical.es\/fr\/wp-json\/wp\/v2\/media?parent=8384"}],"wp:term":[{"taxonomy":"product_brand","embeddable":true,"href":"https:\/\/irmedical.es\/fr\/wp-json\/wp\/v2\/product_brand?post=8384"},{"taxonomy":"product_cat","embeddable":true,"href":"https:\/\/irmedical.es\/fr\/wp-json\/wp\/v2\/product_cat?post=8384"},{"taxonomy":"product_tag","embeddable":true,"href":"https:\/\/irmedical.es\/fr\/wp-json\/wp\/v2\/product_tag?post=8384"}],"curies":[{"name":"wp","href":"https:\/\/api.w.org\/{rel}","templated":true}]}}