{"id":8352,"date":"2024-12-12T12:02:35","date_gmt":"2024-12-12T12:02:35","guid":{"rendered":"https:\/\/irmedical.es\/productos\/cellvit\/"},"modified":"2025-02-05T14:17:08","modified_gmt":"2025-02-05T14:17:08","slug":"cellvit","status":"publish","type":"product","link":"https:\/\/irmedical.es\/fr\/productos\/cellvit\/","title":{"rendered":"CELLVIT"},"content":{"rendered":"<p><strong>Cellvit<\/strong> est un produit con\u00e7u pour lutter contre les rides d&rsquo;expression en relaxant les muscles du visage.<br \/>Il utilise des principes actifs tels que <strong>l&rsquo;Alteromonas Lipotrueae<\/strong>, un ferment marin qui agit au niveau synaptique, inhibant la communication neuromusculaire et aidant \u00e0 lisser les rides dans des zones telles que les pattes d&rsquo;oie ou le front, \u00e0 l&rsquo;instar de la toxine botulique. <\/p>\n<p>Ce traitement comprend \u00e9galement <strong>des vitamines, des acides amin\u00e9s et de l&rsquo;acide hyaluronique<\/strong>, qui nourrissent et hydratent la peau, tandis que des peptides sp\u00e9cialement con\u00e7us pour interf\u00e9rer avec l&rsquo;ac\u00e9tylcholine aident \u00e0 pr\u00e9venir les contractions musculaires r\u00e9p\u00e9t\u00e9es, r\u00e9duisant ainsi l&rsquo;apparence de nouvelles rides.<\/p>\n","protected":false},"excerpt":{"rendered":"<p>Cocktail de vitamines et d&rsquo;acides amin\u00e9s<\/p>\n","protected":false},"featured_media":8230,"comment_status":"closed","ping_status":"closed","template":"","meta":{"_acf_changed":false},"product_brand":[],"product_cat":[402,405,403,404],"product_tag":[406,441,354,407,442,364,410,411,443],"class_list":{"0":"post-8352","1":"product","2":"type-product","3":"status-publish","4":"has-post-thumbnail","6":"product_cat-complet-fr","7":"product_cat-vial-esteril-fr","8":"product_cat-soluciones-fr","9":"product_cat-tratamientos-faciales-fr","10":"product_tag-ampollas-fr","11":"product_tag-coctel-vitaminas-fr","12":"product_tag-dermapen-fr","13":"product_tag-faciales-fr","14":"product_tag-iluminacion-fr","15":"product_tag-manchas-fr","16":"product_tag-viales-fr","17":"product_tag-vitamina-c-fr","18":"product_tag-vitaminas-fr","20":"first","21":"instock","22":"taxable","23":"shipping-taxable","24":"purchasable","25":"product-type-simple"},"acf":[],"_links":{"self":[{"href":"https:\/\/irmedical.es\/fr\/wp-json\/wp\/v2\/product\/8352","targetHints":{"allow":["GET"]}}],"collection":[{"href":"https:\/\/irmedical.es\/fr\/wp-json\/wp\/v2\/product"}],"about":[{"href":"https:\/\/irmedical.es\/fr\/wp-json\/wp\/v2\/types\/product"}],"replies":[{"embeddable":true,"href":"https:\/\/irmedical.es\/fr\/wp-json\/wp\/v2\/comments?post=8352"}],"wp:featuredmedia":[{"embeddable":true,"href":"https:\/\/irmedical.es\/fr\/wp-json\/wp\/v2\/media\/8230"}],"wp:attachment":[{"href":"https:\/\/irmedical.es\/fr\/wp-json\/wp\/v2\/media?parent=8352"}],"wp:term":[{"taxonomy":"product_brand","embeddable":true,"href":"https:\/\/irmedical.es\/fr\/wp-json\/wp\/v2\/product_brand?post=8352"},{"taxonomy":"product_cat","embeddable":true,"href":"https:\/\/irmedical.es\/fr\/wp-json\/wp\/v2\/product_cat?post=8352"},{"taxonomy":"product_tag","embeddable":true,"href":"https:\/\/irmedical.es\/fr\/wp-json\/wp\/v2\/product_tag?post=8352"}],"curies":[{"name":"wp","href":"https:\/\/api.w.org\/{rel}","templated":true}]}}