{"id":8325,"date":"2024-06-13T15:17:43","date_gmt":"2024-06-13T15:17:43","guid":{"rendered":"https:\/\/irmedical.es\/productos\/serum-capilar-rbc-factor-de-crecimiento\/"},"modified":"2025-02-05T12:12:43","modified_gmt":"2025-02-05T12:12:43","slug":"serum-capilar-rbc-factor-de-crecimiento","status":"publish","type":"product","link":"https:\/\/irmedical.es\/fr\/productos\/serum-capilar-rbc-factor-de-crecimiento\/","title":{"rendered":"FACTEUR DE CROISSANCE DU S\u00c9RUM CAPILLAIRE RBC"},"content":{"rendered":"<p>Cosm\u00e9ceutique produit \u00e0 base d&rsquo;INGR\u00c9DIENTS ACTIFS innovants issus de proc\u00e9dures de bio-ing\u00e9nierie v\u00e9g\u00e9tale, combinant dans sa formulation DEUX FACTEURS DE CROISSANCE qui se compl\u00e8tent : GF FOLLISTATIN. Il est responsable de l\u2019activation de la phase de croissance anag\u00e8ne et favorise le d\u00e9veloppement folliculaire. Acci\u00f3n cicatrizante. GF VEGF. Active la vascularisation et la nutrition du follicule. C&rsquo;est un vasodilatateur et stimule la survie cellulaire. Fournit de l&rsquo;oxyg\u00e8ne et des nutriments au follicule, prolongeant ainsi la phase de croissance anag\u00e8ne. Indiqu\u00e9 pour les hommes et les femmes souffrant de perte de cheveux de tous types. \u00c9galement apr\u00e8s une greffe de cheveux et apr\u00e8s avoir termin\u00e9 un traitement oncologique (apr\u00e8s consultation du m\u00e9decin). FORMULE UNIQUE : \u00ab HUMAN-LIKE \u00bb Les FACTEURS DE CROISSANCE du S\u00c9RUM RBC ont une structure \u00ab Human Like \u00bb, c&rsquo;est-\u00e0-dire mim\u00e9tique humaine. Ce qui fait que les r\u00e9cepteurs de notre corps les reconnaissent comme les leurs et que leur efficacit\u00e9 d&rsquo;action est plus \u00e9lev\u00e9e et plus directe. C\u2019est la grande diff\u00e9rence avec les autres produits anti-chute \u00e0 facteurs de croissance.<\/p>\n","protected":false},"excerpt":{"rendered":"<p>1 CONTENANT 80ML<\/p>\n","protected":false},"featured_media":7264,"comment_status":"closed","ping_status":"closed","template":"","meta":{"_acf_changed":false},"product_brand":[],"product_cat":[350,339,374,420],"product_tag":[421,422,423,424,425],"class_list":{"0":"post-8325","1":"product","2":"type-product","3":"status-publish","4":"has-post-thumbnail","6":"product_cat-cabina-y-mantenimiento-fr","7":"product_cat-capillaire","8":"product_cat-cosmeceutique","9":"product_cat-cosmeceutica-capilar-fr","10":"product_tag-alopecia-fr","11":"product_tag-caida-capilar-fr","12":"product_tag-calvicie-fr","13":"product_tag-pelo-fr","14":"product_tag-regeneracion-capilar-fr","16":"first","17":"instock","18":"taxable","19":"shipping-taxable","20":"purchasable","21":"product-type-simple"},"acf":[],"_links":{"self":[{"href":"https:\/\/irmedical.es\/fr\/wp-json\/wp\/v2\/product\/8325","targetHints":{"allow":["GET"]}}],"collection":[{"href":"https:\/\/irmedical.es\/fr\/wp-json\/wp\/v2\/product"}],"about":[{"href":"https:\/\/irmedical.es\/fr\/wp-json\/wp\/v2\/types\/product"}],"replies":[{"embeddable":true,"href":"https:\/\/irmedical.es\/fr\/wp-json\/wp\/v2\/comments?post=8325"}],"wp:featuredmedia":[{"embeddable":true,"href":"https:\/\/irmedical.es\/fr\/wp-json\/wp\/v2\/media\/7264"}],"wp:attachment":[{"href":"https:\/\/irmedical.es\/fr\/wp-json\/wp\/v2\/media?parent=8325"}],"wp:term":[{"taxonomy":"product_brand","embeddable":true,"href":"https:\/\/irmedical.es\/fr\/wp-json\/wp\/v2\/product_brand?post=8325"},{"taxonomy":"product_cat","embeddable":true,"href":"https:\/\/irmedical.es\/fr\/wp-json\/wp\/v2\/product_cat?post=8325"},{"taxonomy":"product_tag","embeddable":true,"href":"https:\/\/irmedical.es\/fr\/wp-json\/wp\/v2\/product_tag?post=8325"}],"curies":[{"name":"wp","href":"https:\/\/api.w.org\/{rel}","templated":true}]}}