{"id":8319,"date":"2024-12-11T13:33:27","date_gmt":"2024-12-11T13:33:27","guid":{"rendered":"https:\/\/irmedical.es\/productos\/probio-sk\/"},"modified":"2025-02-05T12:01:58","modified_gmt":"2025-02-05T12:01:58","slug":"probio-sk","status":"publish","type":"product","link":"https:\/\/irmedical.es\/fr\/productos\/probio-sk\/","title":{"rendered":"PROBIO SK"},"content":{"rendered":"<p>Ce produit combine des ingr\u00e9dients probiotiques, des extraits botaniques et de l&rsquo;acide hyaluronique pour hydrater en profondeur, \u00e9quilibrer le microbiome de la peau et r\u00e9duire l&rsquo;inflammation et les rougeurs. De plus, il r\u00e9gule le pH, am\u00e9liore la flore cutan\u00e9e et a un effet anti-\u00e2ge, aidant \u00e0 r\u00e9tablir l&rsquo;\u00e9quilibre hydrolipidique et \u00e0 contr\u00f4ler les probl\u00e8mes tels que l&rsquo;acn\u00e9 et la sensibilit\u00e9. Id\u00e9al pour obtenir une peau saine, calme et<\/p>\n","protected":false},"excerpt":{"rendered":"<p>1 bo\u00eete (5 flacons de 10ml)<\/p>\n<p>Pour l&rsquo;acn\u00e9, la rosac\u00e9e, les l\u00e9sions cutan\u00e9es de type vasculaire<\/p>\n","protected":false},"featured_media":8212,"comment_status":"closed","ping_status":"closed","template":"","meta":{"_acf_changed":false},"product_brand":[],"product_cat":[337,402,405,403,404],"product_tag":[406,376,354,407,408,409,410,411],"class_list":{"0":"post-8319","1":"product","2":"type-product","3":"status-publish","4":"has-post-thumbnail","6":"product_cat-acne","7":"product_cat-complet-fr","8":"product_cat-vial-esteril-fr","9":"product_cat-soluciones-fr","10":"product_cat-tratamientos-faciales-fr","11":"product_tag-ampollas-fr","12":"product_tag-antiaging-fr","13":"product_tag-dermapen-fr","14":"product_tag-faciales-fr","15":"product_tag-hidratacion-fr","16":"product_tag-labios-fr","17":"product_tag-viales-fr","18":"product_tag-vitamina-c-fr","20":"first","21":"instock","22":"taxable","23":"shipping-taxable","24":"purchasable","25":"product-type-simple"},"acf":[],"_links":{"self":[{"href":"https:\/\/irmedical.es\/fr\/wp-json\/wp\/v2\/product\/8319","targetHints":{"allow":["GET"]}}],"collection":[{"href":"https:\/\/irmedical.es\/fr\/wp-json\/wp\/v2\/product"}],"about":[{"href":"https:\/\/irmedical.es\/fr\/wp-json\/wp\/v2\/types\/product"}],"replies":[{"embeddable":true,"href":"https:\/\/irmedical.es\/fr\/wp-json\/wp\/v2\/comments?post=8319"}],"wp:featuredmedia":[{"embeddable":true,"href":"https:\/\/irmedical.es\/fr\/wp-json\/wp\/v2\/media\/8212"}],"wp:attachment":[{"href":"https:\/\/irmedical.es\/fr\/wp-json\/wp\/v2\/media?parent=8319"}],"wp:term":[{"taxonomy":"product_brand","embeddable":true,"href":"https:\/\/irmedical.es\/fr\/wp-json\/wp\/v2\/product_brand?post=8319"},{"taxonomy":"product_cat","embeddable":true,"href":"https:\/\/irmedical.es\/fr\/wp-json\/wp\/v2\/product_cat?post=8319"},{"taxonomy":"product_tag","embeddable":true,"href":"https:\/\/irmedical.es\/fr\/wp-json\/wp\/v2\/product_tag?post=8319"}],"curies":[{"name":"wp","href":"https:\/\/api.w.org\/{rel}","templated":true}]}}