{"id":8315,"date":"2024-06-13T15:17:43","date_gmt":"2024-06-13T15:17:43","guid":{"rendered":"https:\/\/irmedical.es\/productos\/crema-triple-accion-rbc\/"},"modified":"2025-02-05T11:29:21","modified_gmt":"2025-02-05T11:29:21","slug":"crema-triple-accion-rbc","status":"publish","type":"product","link":"https:\/\/irmedical.es\/fr\/productos\/crema-triple-accion-rbc\/","title":{"rendered":"CR\u00c8ME TRIPLE ACTION RBC"},"content":{"rendered":"<p>Cr\u00e8me hydratante visage haute tol\u00e9rance, formul\u00e9e sans d\u00e9riv\u00e9s p\u00e9troliers et avec des graisses v\u00e9g\u00e9tales. Il contient le facteur de croissance GM-CSF et une combinaison d&rsquo;algues qui prot\u00e8ge de la lumi\u00e8re bleue et agit comme anti-pollution. Enrichi en beurre de karit\u00e9 pour un haut pouvoir \u00e9mollient et protecteur, et en huile de jojoba pour un soyeux longue dur\u00e9e. Il comprend \u00e9galement de l&rsquo;acide hyaluronique pour une hydratation optimale.<\/p>\n","protected":false},"excerpt":{"rendered":"<p>50ML<\/p>\n","protected":false},"featured_media":6912,"comment_status":"closed","ping_status":"closed","template":"","meta":{"_acf_changed":false},"product_brand":[],"product_cat":[333,374,375],"product_tag":[376,353,377,385,378,379,380,381],"class_list":{"0":"post-8315","1":"product","2":"type-product","3":"status-publish","4":"has-post-thumbnail","6":"product_cat-anti-age","7":"product_cat-cosmeceutique","8":"product_cat-cosmeceutica-facial-fr","9":"product_tag-antiaging-fr","10":"product_tag-cosmetica-fr","11":"product_tag-factor-de-crecimiento-fr","12":"product_tag-proteccion-luz-azul-fr","13":"product_tag-rbc-fr","14":"product_tag-regeneracion-fr","15":"product_tag-serum-fr","16":"product_tag-skin-care-fr","18":"first","19":"instock","20":"taxable","21":"shipping-taxable","22":"purchasable","23":"product-type-simple"},"acf":[],"_links":{"self":[{"href":"https:\/\/irmedical.es\/fr\/wp-json\/wp\/v2\/product\/8315","targetHints":{"allow":["GET"]}}],"collection":[{"href":"https:\/\/irmedical.es\/fr\/wp-json\/wp\/v2\/product"}],"about":[{"href":"https:\/\/irmedical.es\/fr\/wp-json\/wp\/v2\/types\/product"}],"replies":[{"embeddable":true,"href":"https:\/\/irmedical.es\/fr\/wp-json\/wp\/v2\/comments?post=8315"}],"wp:featuredmedia":[{"embeddable":true,"href":"https:\/\/irmedical.es\/fr\/wp-json\/wp\/v2\/media\/6912"}],"wp:attachment":[{"href":"https:\/\/irmedical.es\/fr\/wp-json\/wp\/v2\/media?parent=8315"}],"wp:term":[{"taxonomy":"product_brand","embeddable":true,"href":"https:\/\/irmedical.es\/fr\/wp-json\/wp\/v2\/product_brand?post=8315"},{"taxonomy":"product_cat","embeddable":true,"href":"https:\/\/irmedical.es\/fr\/wp-json\/wp\/v2\/product_cat?post=8315"},{"taxonomy":"product_tag","embeddable":true,"href":"https:\/\/irmedical.es\/fr\/wp-json\/wp\/v2\/product_tag?post=8315"}],"curies":[{"name":"wp","href":"https:\/\/api.w.org\/{rel}","templated":true}]}}