{"id":8311,"date":"2024-06-13T15:17:43","date_gmt":"2024-06-13T15:17:43","guid":{"rendered":"https:\/\/irmedical.es\/productos\/serum-regenerador-rbc\/"},"modified":"2025-02-05T11:22:40","modified_gmt":"2025-02-05T11:22:40","slug":"serum-regenerador-rbc","status":"publish","type":"product","link":"https:\/\/irmedical.es\/fr\/productos\/serum-regenerador-rbc\/","title":{"rendered":"S\u00c9RUM R\u00c9G\u00c9N\u00c9RANT RBC"},"content":{"rendered":"<p>S\u00e9rum pour le visage qui utilise des facteurs de croissance d\u00e9riv\u00e9s de plantes sans OGM, identiques \u00e0 celles des humains, pour une efficacit\u00e9 maximale. Contient de l&rsquo;EGF et du TGF-B2 pour stimuler la production de collag\u00e8ne et d&rsquo;\u00e9lastine, ainsi que de l&rsquo;acide hyaluronique pour retenir l&rsquo;humidit\u00e9. Id\u00e9al pour tous les \u00e2ges et tous les types de peau, ce s\u00e9rum rajeunit, comble, nourrit et illumine, am\u00e9liorant les rides, le rel\u00e2chement, les cicatrices et les pores. Sa formule aux actifs microencapsul\u00e9s assure des r\u00e9sultats visibles en peu de temps. Compatible avec d&rsquo;autres cosm\u00e9tiques et sans contre-indications.<\/p>\n","protected":false},"excerpt":{"rendered":"<p>80ML<\/p>\n","protected":false},"featured_media":6914,"comment_status":"closed","ping_status":"closed","template":"","meta":{"_acf_changed":false},"product_brand":[],"product_cat":[333,374,375],"product_tag":[376,353,377,378,379,380,381],"class_list":{"0":"post-8311","1":"product","2":"type-product","3":"status-publish","4":"has-post-thumbnail","6":"product_cat-anti-age","7":"product_cat-cosmeceutique","8":"product_cat-cosmeceutica-facial-fr","9":"product_tag-antiaging-fr","10":"product_tag-cosmetica-fr","11":"product_tag-factor-de-crecimiento-fr","12":"product_tag-rbc-fr","13":"product_tag-regeneracion-fr","14":"product_tag-serum-fr","15":"product_tag-skin-care-fr","17":"first","18":"instock","19":"taxable","20":"shipping-taxable","21":"purchasable","22":"product-type-simple"},"acf":[],"_links":{"self":[{"href":"https:\/\/irmedical.es\/fr\/wp-json\/wp\/v2\/product\/8311","targetHints":{"allow":["GET"]}}],"collection":[{"href":"https:\/\/irmedical.es\/fr\/wp-json\/wp\/v2\/product"}],"about":[{"href":"https:\/\/irmedical.es\/fr\/wp-json\/wp\/v2\/types\/product"}],"replies":[{"embeddable":true,"href":"https:\/\/irmedical.es\/fr\/wp-json\/wp\/v2\/comments?post=8311"}],"wp:featuredmedia":[{"embeddable":true,"href":"https:\/\/irmedical.es\/fr\/wp-json\/wp\/v2\/media\/6914"}],"wp:attachment":[{"href":"https:\/\/irmedical.es\/fr\/wp-json\/wp\/v2\/media?parent=8311"}],"wp:term":[{"taxonomy":"product_brand","embeddable":true,"href":"https:\/\/irmedical.es\/fr\/wp-json\/wp\/v2\/product_brand?post=8311"},{"taxonomy":"product_cat","embeddable":true,"href":"https:\/\/irmedical.es\/fr\/wp-json\/wp\/v2\/product_cat?post=8311"},{"taxonomy":"product_tag","embeddable":true,"href":"https:\/\/irmedical.es\/fr\/wp-json\/wp\/v2\/product_tag?post=8311"}],"curies":[{"name":"wp","href":"https:\/\/api.w.org\/{rel}","templated":true}]}}