{"id":3338,"date":"2024-06-13T16:59:35","date_gmt":"2024-06-13T16:59:35","guid":{"rendered":"http:\/\/irmedical.es\/product\/pack-protective-2\/"},"modified":"2025-09-23T16:10:01","modified_gmt":"2025-09-23T16:10:01","slug":"pack-protective-2","status":"publish","type":"product","link":"https:\/\/irmedical.es\/fr\/productos\/pack-protective-2\/","title":{"rendered":"PACK PROTECTIVE RBC"},"content":{"rendered":"<p>El pack Protective combina una espuma limpiadora que purifica la piel, un s\u00e9rum regenerador que estimula la renovaci\u00f3n celular y una crema hidratante que proporciona una hidrataci\u00f3n profunda y duradera. Ideal para una rutina de cuidado que limpia, regenera e hidrata, adapt\u00e1ndose a todo tipo de piel.<\/p>\n","protected":false},"excerpt":{"rendered":"<p>1 ESPUMA DE 150ML 1 SERUM DE 80ML Y 1 ENVASE DE 50ML<\/p>\n","protected":false},"featured_media":4498,"comment_status":"closed","ping_status":"closed","template":"","meta":{"_acf_changed":false},"product_brand":[],"product_cat":[306,199,243,230],"product_tag":[292,85,105,108,106,35,107,82],"class_list":{"0":"post-3338","1":"product","2":"type-product","3":"status-publish","4":"has-post-thumbnail","6":"product_cat-antienvejecimiento","7":"product_cat-cosmeceutica-facial","8":"product_cat-higiene-facial-limpiadores-y-tonicos-rejuvenecimiento-piel-sensible-hidratacion-facial-serums-cremas-y-geles","9":"product_cat-producto-facial","10":"product_tag-antiaging","11":"product_tag-cosmetica","12":"product_tag-factor-de-crecimiento","13":"product_tag-proteccion-luz-azul","14":"product_tag-rbc","15":"product_tag-regeneracion","16":"product_tag-serum","17":"product_tag-skin-care","19":"first","20":"instock","21":"purchasable","22":"product-type-simple"},"acf":[],"_links":{"self":[{"href":"https:\/\/irmedical.es\/fr\/wp-json\/wp\/v2\/product\/3338","targetHints":{"allow":["GET"]}}],"collection":[{"href":"https:\/\/irmedical.es\/fr\/wp-json\/wp\/v2\/product"}],"about":[{"href":"https:\/\/irmedical.es\/fr\/wp-json\/wp\/v2\/types\/product"}],"replies":[{"embeddable":true,"href":"https:\/\/irmedical.es\/fr\/wp-json\/wp\/v2\/comments?post=3338"}],"wp:featuredmedia":[{"embeddable":true,"href":"https:\/\/irmedical.es\/fr\/wp-json\/wp\/v2\/media\/4498"}],"wp:attachment":[{"href":"https:\/\/irmedical.es\/fr\/wp-json\/wp\/v2\/media?parent=3338"}],"wp:term":[{"taxonomy":"product_brand","embeddable":true,"href":"https:\/\/irmedical.es\/fr\/wp-json\/wp\/v2\/product_brand?post=3338"},{"taxonomy":"product_cat","embeddable":true,"href":"https:\/\/irmedical.es\/fr\/wp-json\/wp\/v2\/product_cat?post=3338"},{"taxonomy":"product_tag","embeddable":true,"href":"https:\/\/irmedical.es\/fr\/wp-json\/wp\/v2\/product_tag?post=3338"}],"curies":[{"name":"wp","href":"https:\/\/api.w.org\/{rel}","templated":true}]}}