{"id":9351,"date":"2025-03-28T11:37:34","date_gmt":"2025-03-28T11:37:34","guid":{"rendered":"https:\/\/irmedical.es\/politique-dachat-et-de-retour\/"},"modified":"2025-04-02T06:39:32","modified_gmt":"2025-04-02T06:39:32","slug":"politique-dachat-et-de-retour","status":"publish","type":"page","link":"https:\/\/irmedical.es\/fr\/politique-dachat-et-de-retour\/","title":{"rendered":"Politique d&rsquo;achat et de retour"},"content":{"rendered":"<p>Ce document d\u00e9crit les conditions g\u00e9n\u00e9rales de vente et de paiement en ligne via le site internet <a class=\"\" href=\"https:\/\/irmedical.es\/fr\/\">www.irmedical.es <\/a>(ci-apr\u00e8s, \u00ab le site \u00bb), d\u00e9tenu par :<\/p><p><strong>IR MEDICAL<\/strong><br\/>C. del Comercio, 5, 03008, Alicante \u2013 Espa\u00f1a<br\/>Correo electr\u00f3nico: <a>victor.segarra@irgroup.es<\/a><\/p><p>Ces conditions g\u00e9n\u00e9rales (ci-apr\u00e8s, \u00ab conditions g\u00e9n\u00e9rales \u00bb), sauf accord expr\u00e8s \u00e9crit, r\u00e9gissent la relation entre <strong>IR MEDICAL<\/strong> et le client dans le cadre des achats effectu\u00e9s sur le site.<\/p><p>Ces conditions sont valables d\u00e8s leur acceptation par le client lors de sa navigation sur le site, ce qui constitue une acceptation conforme \u00e0 l&rsquo;article 1341 du Code Civil. <strong>IR MEDICAL<\/strong> se r\u00e9serve le droit de modifier \u00e0 tout moment le contenu de ces conditions g\u00e9n\u00e9rales, qui seront applicables d\u00e8s leur publication sur le site.<\/p><h3 class=\"wp-block-heading\"><strong>Mode d&rsquo;Achat<\/strong><\/h3><p>L&rsquo;acquisition des produits se fait via l&rsquo;acc\u00e8s au site et l&rsquo;enregistrement du client.<\/p><p>Le client peut exclusivement acheter les produits figurant dans le catalogue \u00e9lectronique publi\u00e9 sur le site et disponibles au moment de la commande, tels que d\u00e9crits dans leurs fiches produits respectives. Les caract\u00e9ristiques (tailles, poids, couleurs, fonctionnalit\u00e9s) doivent \u00eatre consid\u00e9r\u00e9es comme approximatives. Les images peuvent diff\u00e9rer du produit final en raison des param\u00e8tres d&rsquo;affichage, de l&rsquo;\u00e9clairage ou des mises \u00e0 jour du fabricant.  <\/p><p>Toutes les informations fournies pour soutenir l&rsquo;achat ont un caract\u00e8re informatif et ne remplacent pas les caract\u00e9ristiques sp\u00e9cifiques de chaque produit.<\/p><p><strong>IR MEDICAL<\/strong> confirmera la r\u00e9ception de la commande par email \u00e0 l&rsquo;adresse fournie par le client. Cette confirmation inclura un \u00ab num\u00e9ro de commande \u00bb utile pour toute communication ult\u00e9rieure avec l&rsquo;entreprise. Le client s&rsquo;engage \u00e0 v\u00e9rifier les donn\u00e9es fournies et \u00e0 signaler toute erreur ou modification en temps utile.  <\/p><p>Le message de confirmation ne constitue pas une acceptation juridique de la commande. <strong>IR MEDICAL<\/strong> se r\u00e9serve le droit d&rsquo;accepter ou de refuser la commande, m\u00eame apr\u00e8s sa r\u00e9ception. Si, pour une raison quelconque, il n&rsquo;est pas possible de traiter la commande, le client sera inform\u00e9 par email. <\/p><h3 class=\"wp-block-heading\"><strong>Conclusion du Contrat<\/strong><\/h3><p>Tous les produits propos\u00e9s sur le site sont soumis \u00e0 disponibilit\u00e9 et confirmation. Le contrat entre <strong>IR MEDICAL<\/strong> et le client sera consid\u00e9r\u00e9 comme formalis\u00e9 uniquement apr\u00e8s l&rsquo;acceptation expresse ou tacite de la commande et, en tout cas, une fois le paiement correspondant effectu\u00e9. <\/p><p>L&rsquo;acceptation peut \u00eatre consid\u00e9r\u00e9e comme tacite avec l&rsquo;envoi du produit. Le message de confirmation de la commande ne signifie pas acceptation d\u00e9finitive.<br\/><br\/><\/p><p><strong>IR MEDICAL<\/strong> ne sera pas responsable, contractuellement ou extra-contractuellement, des dommages directs ou indirects pouvant d\u00e9couler de la non-acceptation, totale ou partielle, d&rsquo;une commande.<br\/><br\/><\/p><p>En s&rsquo;enregistrant ou en effectuant un achat en ligne, le client d\u00e9clare avoir lu, compris et accept\u00e9 toutes les indications fournies lors du processus d&rsquo;achat, ainsi que ces conditions g\u00e9n\u00e9rales. Une fois la proc\u00e9dure termin\u00e9e, le client pourra conserver une copie \u00e9lectronique ou imprimer ces conditions conform\u00e9ment aux articles 52 et 53 du D\u00e9cret l\u00e9gislatif 1\/2007 du 16 novembre (qui remplace le D\u00e9cret l\u00e9gislatif 206\/2005). <\/p><h3 class=\"wp-block-heading\"><strong>Prix<\/strong><\/h3><p>Les prix des produits sont clairement indiqu\u00e9s sur le site internet et sont exprim\u00e9s en euros, <strong>TVA applicable incluse.<\/strong><\/p><p><strong>IR MEDICAL <\/strong>se r\u00e9serve le droit de modifier les prix sans pr\u00e9avis. Le prix valide sera celui indiqu\u00e9 dans la confirmation de la commande au moment de l&rsquo;achat. En cas de promotions ou d&rsquo;offres sp\u00e9ciales, celles-ci seront valables jusqu&rsquo;\u00e0 \u00e9puisement des stocks ou jusqu&rsquo;\u00e0 la date limite indiqu\u00e9e.  <\/p><h3 class=\"wp-block-heading\"><strong>Mode de Paiement<br\/><br\/><\/strong><\/h3><p>Consultez la section correspondante en <a href=\"https:\/\/hurom.es\/pagos\/\">cliquant ici.<\/a><\/p><h3 class=\"wp-block-heading\"><strong>Mode de Livraison et Frais de Port<\/strong><\/h3><p>Chez <strong>IR MEDICAL<\/strong>, nous nous engageons \u00e0 offrir \u00e0 nos clients un service de livraison efficace et transparent. Voici les conditions applicables aux livraisons en fonction de l&#8217;emplacement et du montant de l&rsquo;achat : <\/p><p><strong><br\/>Livraisons en P\u00e9ninsule et Bal\u00e9ares :<br\/><br\/><\/strong><\/p><p>Les commandes inf\u00e9rieures \u00e0 200 euros auront des frais de port de 6 euros.<br\/><br\/><\/p><p>Les commandes sup\u00e9rieures \u00e0 200 euros b\u00e9n\u00e9ficient de la livraison gratuite.<br\/><br\/><\/p><p><strong>Livraisons Intra-communautaires :<br\/><br\/><\/strong><\/p><p>Pour les commandes inf\u00e9rieures \u00e0 500 euros, les frais de port seront de 50 euros.<br\/><br\/><\/p><p>Pour les commandes sup\u00e9rieures \u00e0 500 euros, la livraison sera gratuite.<br\/><br\/><\/p><p><strong>Livraisons vers les Canaries et Destinations Hors-Union Europ\u00e9enne :<br\/><br\/><\/strong><\/p><p>Les frais de port seront calcul\u00e9s en fonction du volume et du poids du colis.<br\/><br\/><\/p><p>Il est important de noter que les taxes locales et les frais de douane ne sont pas inclus et seront \u00e0 la charge de l&rsquo;acheteur.<br\/><br\/><\/p><p>Pour plus d&rsquo;informations, <a href=\"https:\/\/irmedical.es\/fr\/contacto\/\" data-type=\"page\" data-id=\"95\">consultez ici<\/a><\/p><p><strong>Garantie<br\/><br\/><\/strong><\/p><h3 class=\"wp-block-heading\"><strong>Limitation de la Garantie et de la Responsabilit\u00e9<br\/><br\/><\/strong><\/h3><p>La garantie ne s&rsquo;applique pas aux dommages caus\u00e9s par n\u00e9gligence, mauvaise utilisation ou installation non conforme aux avertissements et instructions du manuel d&rsquo;utilisation ou d&rsquo;installation, ni aux dommages caus\u00e9s par une mauvaise utilisation, une d\u00e9t\u00e9rioration due \u00e0 la foudre, ph\u00e9nom\u00e8nes atmosph\u00e9riques, surtension, alimentation \u00e9lectrique insuffisante ou irr\u00e9guli\u00e8re. Elle ne s&rsquo;applique pas non plus en cas d&rsquo;adaptations ou de modifications, ni de dommages caus\u00e9s par une utilisation incorrecte ou contraire aux mesures techniques et\/ou de s\u00e9curit\u00e9. L&rsquo;installation des produits techniques doit \u00eatre effectu\u00e9e par du personnel sp\u00e9cialis\u00e9 et\/ou des op\u00e9rateurs professionnels du secteur. En particulier, une limitation de garantie est \u00e9tablie pour tous les produits p\u00e9rissables qui ne fonctionnent pas correctement pour des causes qui ne peuvent \u00eatre d\u00e9termin\u00e9es avec certitude, li\u00e9es \u00e0 des facteurs externes (par exemple, les batteries r\u00e9gulatrices de tension qui ne se chargent pas ou se chargent trop, une mauvaise utilisation des mainteneurs de charge, une utilisation incorrecte par l&rsquo;utilisateur, etc.). Dans ces cas, seule la garantie du fabricant sera valable. Les marchandises qui, apr\u00e8s avoir pass\u00e9 le contr\u00f4le, ne r\u00e9pondent pas aux crit\u00e8res de garantie, seront renvoy\u00e9es \u00e0 la charge du client \u00e0 son domicile.   <\/p><h3 class=\"wp-block-heading\"><strong>Droit de R\u00e9tractation<\/strong><\/h3><p>Conform\u00e9ment \u00e0 l&rsquo;article 64 du D\u00e9cret l\u00e9gislatif n\u00b0 206\/2005, le client a le droit de se r\u00e9tracter du contrat d&rsquo;achat pour n&rsquo;importe quelle raison, sans avoir \u00e0 fournir d&rsquo;explication et sans subir de p\u00e9nalit\u00e9, sauf indication contraire dans les sections suivantes.<\/p><p><strong>Articles Sans Droit de R\u00e9tractation<br\/><br\/><\/strong><br\/><\/p><h3 class=\"wp-block-heading\"><strong>Loi Applicable et Autorit\u00e9 Comp\u00e9tente<br\/><br\/><\/strong><\/h3><p>Ces Conditions G\u00e9n\u00e9rales sont r\u00e9gies exclusivement par la loi espagnole.<br\/><br\/><\/p><p>Conform\u00e9ment \u00e0 l&rsquo;article 63 du D\u00e9cret l\u00e9gislatif n\u00b0 206\/2005, toute dispute relative aux pr\u00e9sentes conditions g\u00e9n\u00e9rales sera r\u00e9solue par le tribunal du lieu de r\u00e9sidence ou de domicile du client, si celui-ci r\u00e9side en Espagne.<\/p><h3 class=\"wp-block-heading\"><strong>R\u00e9clamations<br\/><br\/><\/strong><\/h3><p>Toute r\u00e9clamation doit \u00eatre envoy\u00e9e IR MEDICAL C. del Comercio, 5, 03008, Alicante &#8211; Espa\u00f1a.<\/p>","protected":false},"excerpt":{"rendered":"<p>Ce document d\u00e9crit les conditions g\u00e9n\u00e9rales de vente et de paiement en ligne via le site internet www.irmedical.es (ci-apr\u00e8s, \u00ab le site \u00bb), d\u00e9tenu par : IR MEDICALC. del Comercio, 5, 03008, Alicante \u2013 Espa\u00f1aCorreo electr\u00f3nico: victor.segarra@irgroup.es Ces conditions g\u00e9n\u00e9rales (ci-apr\u00e8s, \u00ab conditions g\u00e9n\u00e9rales \u00bb), sauf accord expr\u00e8s \u00e9crit, r\u00e9gissent la relation entre IR MEDICAL [&hellip;]<\/p>\n","protected":false},"author":2,"featured_media":0,"parent":0,"menu_order":0,"comment_status":"closed","ping_status":"closed","template":"","meta":{"_acf_changed":false,"footnotes":""},"class_list":["post-9351","page","type-page","status-publish","hentry"],"acf":[],"_links":{"self":[{"href":"https:\/\/irmedical.es\/fr\/wp-json\/wp\/v2\/pages\/9351","targetHints":{"allow":["GET"]}}],"collection":[{"href":"https:\/\/irmedical.es\/fr\/wp-json\/wp\/v2\/pages"}],"about":[{"href":"https:\/\/irmedical.es\/fr\/wp-json\/wp\/v2\/types\/page"}],"author":[{"embeddable":true,"href":"https:\/\/irmedical.es\/fr\/wp-json\/wp\/v2\/users\/2"}],"replies":[{"embeddable":true,"href":"https:\/\/irmedical.es\/fr\/wp-json\/wp\/v2\/comments?post=9351"}],"version-history":[{"count":1,"href":"https:\/\/irmedical.es\/fr\/wp-json\/wp\/v2\/pages\/9351\/revisions"}],"predecessor-version":[{"id":9352,"href":"https:\/\/irmedical.es\/fr\/wp-json\/wp\/v2\/pages\/9351\/revisions\/9352"}],"wp:attachment":[{"href":"https:\/\/irmedical.es\/fr\/wp-json\/wp\/v2\/media?parent=9351"}],"curies":[{"name":"wp","href":"https:\/\/api.w.org\/{rel}","templated":true}]}}