{"id":9329,"date":"2025-03-28T07:58:01","date_gmt":"2025-03-28T07:58:01","guid":{"rendered":"https:\/\/irmedical.es\/inscription-des-professionnels\/"},"modified":"2025-03-28T13:12:33","modified_gmt":"2025-03-28T13:12:33","slug":"inscription-des-professionnels","status":"publish","type":"page","link":"https:\/\/irmedical.es\/fr\/inscription-des-professionnels\/","title":{"rendered":"Inscription des professionnels"},"content":{"rendered":"\t\t<div data-elementor-type=\"wp-page\" data-elementor-id=\"9329\" class=\"elementor elementor-9329 elementor-9232\" data-elementor-post-type=\"page\">\n\t\t\t\t\t\t<section class=\"elementor-section elementor-top-section elementor-element elementor-element-e0543cf elementor-section-content-middle elementor-section-boxed elementor-section-height-default elementor-section-height-default\" data-id=\"e0543cf\" data-element_type=\"section\">\n\t\t\t\t\t\t<div class=\"elementor-container elementor-column-gap-default\">\n\t\t\t\t\t<div class=\"elementor-column elementor-col-50 elementor-top-column elementor-element elementor-element-a7c77e1\" data-id=\"a7c77e1\" data-element_type=\"column\">\n\t\t\t<div class=\"elementor-widget-wrap elementor-element-populated\">\n\t\t\t\t\t\t<div class=\"elementor-element elementor-element-931f51a elementor-widget elementor-widget-heading\" data-id=\"931f51a\" data-element_type=\"widget\" data-widget_type=\"heading.default\">\n\t\t\t\t<div class=\"elementor-widget-container\">\n\t\t\t\t\t<h2 class=\"elementor-heading-title elementor-size-default\">\u00cates-vous un professionnel qui ne s\u2019est pas encore inscrit sur notre site ?<\/h2>\t\t\t\t<\/div>\n\t\t\t\t<\/div>\n\t\t\t\t<div class=\"elementor-element elementor-element-62798ea elementor-widget elementor-widget-heading\" data-id=\"62798ea\" data-element_type=\"widget\" data-widget_type=\"heading.default\">\n\t\t\t\t<div class=\"elementor-widget-container\">\n\t\t\t\t\t<h3 class=\"elementor-heading-title elementor-size-default\">Inscrivez-vous d\u00e8s maintenant et acc\u00e9dez \u00e0 des tarifs exclusifs r\u00e9serv\u00e9s aux professionnels.<\/h3>\t\t\t\t<\/div>\n\t\t\t\t<\/div>\n\t\t\t\t<div class=\"elementor-element elementor-element-c0ef366 elementor-widget-divider--view-line elementor-widget elementor-widget-divider\" data-id=\"c0ef366\" data-element_type=\"widget\" data-widget_type=\"divider.default\">\n\t\t\t\t<div class=\"elementor-widget-container\">\n\t\t\t\t\t\t\t<div class=\"elementor-divider\">\n\t\t\t<span class=\"elementor-divider-separator\">\n\t\t\t\t\t\t<\/span>\n\t\t<\/div>\n\t\t\t\t\t\t<\/div>\n\t\t\t\t<\/div>\n\t\t\t\t\t<\/div>\n\t\t<\/div>\n\t\t\t\t<div class=\"elementor-column elementor-col-50 elementor-top-column elementor-element elementor-element-f52788a\" data-id=\"f52788a\" data-element_type=\"column\">\n\t\t\t<div class=\"elementor-widget-wrap elementor-element-populated\">\n\t\t\t\t\t\t<div class=\"elementor-element elementor-element-73b6a08 elementor-widget elementor-widget-user-registration-form\" data-id=\"73b6a08\" data-element_type=\"widget\" data-widget_type=\"user-registration-form.default\">\n\t\t\t\t<div class=\"elementor-widget-container\">\n\t\t\t\t\t\t<div class='user-registration ur-frontend-form  ur-frontend-form--flat ' id='user-registration-form-9228'>\n\t\t\t\t\t\t\t\t<form method='post' class='register' data-form-id=\"9228\"\n\t\t\t\tdata-enable-strength-password=\"\" data-minimum-password-strength=\"3\"\n\t\t\t\t\t\t\t\t\t\t\t\t\t\t\t data-captcha-enabled=\"\">\n\n\t\t\t\t<div class=\"ur-form-row\" data-row-id=\"1\">\t\t\t\t\t\t<div class=\"ur-form-grid ur-grid-1\"\n\t\t\t\t\t\t\tstyle=\"width:48%\">\n\t\t\t\t\t\t\t\t\t\t\t\t\t\t<div  data-field-id=\"empresa\" class=\"ur-field-item field-text \" data-ref-id=\"empresa\">\n\t\t\t\t\t\t\t\t\t<div class=\"form-row validate-required\" id=\"empresa_field\" data-priority=\"\" ><label for=\"empresa\" class=\"ur-label\">Empresa <abbr class=\"required\" title=\"required\">*<\/abbr><\/label> <span class=\"input-wrapper\"> <input  data-rules=\"\" data-id=\"empresa\" type=\"text\" class=\"input-text   input-text ur-frontend-field  \" name=\"empresa\" id=\"empresa\" placeholder=\"\"  value=\"\" required=\"required\" data-label=\"Empresa\" \/> <\/span> <\/div>\t\t\t\t\t\t\t\t<\/div>\n\t\t\t\t\t\t\t\t\t\t\t\t\t\t<\/div>\n\t\t\t\t\t\t\t\t\t\t\t\t<div class=\"ur-form-grid ur-grid-2\"\n\t\t\t\t\t\t\tstyle=\"width:48%\">\n\t\t\t\t\t\t\t\t\t\t\t\t\t\t<div  data-field-id=\"input_box_1743148319\" class=\"ur-field-item field-text \" data-ref-id=\"input_box_1743148319\">\n\t\t\t\t\t\t\t\t\t<div class=\"form-row validate-required\" id=\"input_box_1743148319_field\" data-priority=\"\" ><label for=\"input_box_1743148319\" class=\"ur-label\">CIF\/NIF <abbr class=\"required\" title=\"required\">*<\/abbr><\/label> <span class=\"input-wrapper\"> <input  data-rules=\"\" data-id=\"input_box_1743148319\" type=\"text\" class=\"input-text   input-text ur-frontend-field  \" name=\"input_box_1743148319\" id=\"input_box_1743148319\" placeholder=\"\"  value=\"\" required=\"required\" data-label=\"CIF\/NIF\" \/> <\/span> <\/div>\t\t\t\t\t\t\t\t<\/div>\n\t\t\t\t\t\t\t\t\t\t\t\t\t\t<\/div>\n\t\t\t\t\t\t\t\t\t\t\t<\/div>\n\t\t\t\t\t<div class=\"ur-form-row\" data-row-id=\"0\">\t\t\t\t\t\t<div class=\"ur-form-grid ur-grid-1\"\n\t\t\t\t\t\t\tstyle=\"width:48%\">\n\t\t\t\t\t\t\t\t\t\t\t\t\t\t<div  data-field-id=\"first_name\" class=\"ur-field-item field-first_name \" data-ref-id=\"first_name\">\n\t\t\t\t\t\t\t\t\t<div class=\"form-row validate-required\" id=\"first_name_field\" data-priority=\"\" ><label for=\"first_name\" class=\"ur-label\">Nombre <abbr class=\"required\" title=\"required\">*<\/abbr><\/label> <span class=\"input-wrapper\"> <input  data-rules=\"\" data-id=\"first_name\" type=\"text\" class=\"input-text   input-text ur-frontend-field  \" name=\"first_name\" id=\"first_name\" placeholder=\"\"  value=\"\" required=\"required\" data-label=\"Nombre\" \/> <\/span> <\/div>\t\t\t\t\t\t\t\t<\/div>\n\t\t\t\t\t\t\t\t\t\t\t\t\t\t\t\t<div  data-field-id=\"user_email\" class=\"ur-field-item field-user_email \" data-ref-id=\"user_email\">\n\t\t\t\t\t\t\t\t\t<div class=\"form-row validate-required\" id=\"user_email_field\" data-priority=\"\" ><label for=\"user_email\" class=\"ur-label\">User Email <abbr class=\"required\" title=\"required\">*<\/abbr><\/label> <span class=\"input-wrapper\"> <input  data-rules=\"\" data-id=\"user_email\" type=\"email\" class=\"input-text   input-email ur-frontend-field  \" name=\"user_email\" id=\"user_email\" placeholder=\"\"  value=\"\" required=\"required\" data-label=\"User Email\" \/> <\/span> <\/div>\t\t\t\t\t\t\t\t<\/div>\n\t\t\t\t\t\t\t\t\t\t\t\t\t\t<\/div>\n\t\t\t\t\t\t\t\t\t\t\t\t<div class=\"ur-form-grid ur-grid-2\"\n\t\t\t\t\t\t\tstyle=\"width:48%\">\n\t\t\t\t\t\t\t\t\t\t\t\t\t\t<div  data-field-id=\"last_name\" class=\"ur-field-item field-last_name \" data-ref-id=\"last_name\">\n\t\t\t\t\t\t\t\t\t<div class=\"form-row \" id=\"last_name_field\" data-priority=\"\" ><label for=\"last_name\" class=\"ur-label\">Apellido<\/label> <span class=\"input-wrapper\"> <input  data-rules=\"\" data-id=\"last_name\" type=\"text\" class=\"input-text   input-text ur-frontend-field  \" name=\"last_name\" id=\"last_name\" placeholder=\"\"  value=\"\" data-label=\"Apellido\" \/> <\/span> <\/div>\t\t\t\t\t\t\t\t<\/div>\n\t\t\t\t\t\t\t\t\t\t\t\t\t\t\t\t<div  data-field-id=\"user_pass\" class=\"ur-field-item field-user_pass \" data-ref-id=\"user_pass\">\n\t\t\t\t\t\t\t\t\t<div class=\"form-row validate-required hide_show_password\" id=\"user_pass_field\" data-priority=\"\"><label for=\"user_pass\" class=\"ur-label\">User Password <abbr class=\"required\" title=\"required\">*<\/abbr><\/label> <span class=\"input-wrapper\"> <span class=\"password-input-group input-form-field-icons\"><input data-rules=\"\" data-id=\"user_pass\" type=\"password\" class=\"input-text  input-password ur-frontend-field  \" name=\"user_pass\" id=\"user_pass\" placeholder=\"\"  value=\"\" required=\"required\" data-label=\"User Password\" \/><\/span> <\/span> <\/div>\t\t\t\t\t\t\t\t<\/div>\n\t\t\t\t\t\t\t\t\t\t\t\t\t\t<\/div>\n\t\t\t\t\t\t\t\t\t\t\t<\/div>\n\t\t\t\t\t\t\t\t\t\t\t\t\t\t\t\t\t<div class=\"ur-button-container \" >\n\t\t\t\t\t\t\t\t\t\t\t\t\t\t<button type=\"submit\" class=\"btn button ur-submit-button \"  conditional_rules=\"&quot;&quot;\">\n\t\t\t\t\t\t\t\t<span><\/span>\n\t\t\t\t\t\t\t\tEnviar\t\t\t\t\t\t\t<\/button>\n\t\t\t\t\t\t\t\t\t\t\t\t\t\t\t\t\t\t\t\t<\/div>\n\t\t\t\t\t\t\n\t\t\t\t<div style=\"clear:both\"><\/div>\n\t\t\t\t\t\t\t\t<input type=\"hidden\" name=\"ur-registration-language\" value=\"fr\"\/>\n\t\t\t\t<input type=\"hidden\" name=\"ur-user-form-id\" value=\"9228\"\/>\n\t\t\t\t<input type=\"hidden\" name=\"ur-redirect-url\" value=\"https:\/\/irmedical.es\/login\/\"\/>\n\t\t\t\t<input type=\"hidden\" id=\"ur_frontend_form_nonce\" name=\"ur_frontend_form_nonce\" value=\"5b2f6e76ca\" \/>\n\t\t\t\t\t\t\t<\/form>\n\t\t\t\n\t\t<div style=\"clear:both\"><\/div>\n\t<\/div>\n\t\t\t\t<\/div>\n\t\t\t\t<\/div>\n\t\t\t\t\t<\/div>\n\t\t<\/div>\n\t\t\t\t\t<\/div>\n\t\t<\/section>\n\t\t\t\t<\/div>\n\t\t","protected":false},"excerpt":{"rendered":"<p>\u00cates-vous un professionnel qui ne s\u2019est pas encore inscrit sur notre site ? Inscrivez-vous d\u00e8s maintenant et acc\u00e9dez \u00e0 des tarifs exclusifs r\u00e9serv\u00e9s aux professionnels. Empresa * CIF\/NIF * Nombre * User Email * Apellido User Password * Enviar<\/p>\n","protected":false},"author":2,"featured_media":0,"parent":0,"menu_order":0,"comment_status":"closed","ping_status":"closed","template":"","meta":{"_acf_changed":false,"footnotes":""},"class_list":["post-9329","page","type-page","status-publish","hentry"],"acf":[],"_links":{"self":[{"href":"https:\/\/irmedical.es\/fr\/wp-json\/wp\/v2\/pages\/9329","targetHints":{"allow":["GET"]}}],"collection":[{"href":"https:\/\/irmedical.es\/fr\/wp-json\/wp\/v2\/pages"}],"about":[{"href":"https:\/\/irmedical.es\/fr\/wp-json\/wp\/v2\/types\/page"}],"author":[{"embeddable":true,"href":"https:\/\/irmedical.es\/fr\/wp-json\/wp\/v2\/users\/2"}],"replies":[{"embeddable":true,"href":"https:\/\/irmedical.es\/fr\/wp-json\/wp\/v2\/comments?post=9329"}],"version-history":[{"count":1,"href":"https:\/\/irmedical.es\/fr\/wp-json\/wp\/v2\/pages\/9329\/revisions"}],"predecessor-version":[{"id":9330,"href":"https:\/\/irmedical.es\/fr\/wp-json\/wp\/v2\/pages\/9329\/revisions\/9330"}],"wp:attachment":[{"href":"https:\/\/irmedical.es\/fr\/wp-json\/wp\/v2\/media?parent=9329"}],"curies":[{"name":"wp","href":"https:\/\/api.w.org\/{rel}","templated":true}]}}