{"id":9764,"date":"2025-09-24T12:44:16","date_gmt":"2025-09-24T12:44:16","guid":{"rendered":"https:\/\/irmedical.es\/?post_type=product&#038;p=9764"},"modified":"2025-09-24T12:57:38","modified_gmt":"2025-09-24T12:57:38","slug":"kit-scalp-rbc","status":"publish","type":"product","link":"https:\/\/irmedical.es\/en\/productos\/kit-scalp-rbc\/","title":{"rendered":"KIT SCALP RBC"},"content":{"rendered":"<p>Este kit ofrece un tratamiento completo para el cabello: el S\u00e9rum Regenerador con Factores de Crecimiento VEGF y Follistatin revitaliza y fortalece desde la ra\u00edz, el Champ\u00fa RBC limpia y prepara el cuero cabelludo, y el Complejo de Vitaminas estimula el crecimiento, el grosor y la fortaleza de la fibra capilar. Juntos, aseguran un cabello revitalizado y en \u00f3ptimas condiciones.<\/p>\n","protected":false},"excerpt":{"rendered":"<p>1 CHAMPU 250ML. 1 SERUM 80ML. 1 COMPLEJO DE 10 AMPOLLAS DE 5ML<\/p>\n","protected":false},"featured_media":4511,"comment_status":"closed","ping_status":"closed","template":"","meta":{"_acf_changed":false},"product_brand":[],"product_cat":[256,309,250,208,247],"product_tag":[115,117,118,120,121,122],"class_list":{"0":"post-9764","1":"product","2":"type-product","3":"status-publish","4":"has-post-thumbnail","6":"product_cat-caida-del-cabello","7":"product_cat-capilar","8":"product_cat-champu-serum","9":"product_cat-cosmeceutica-capilar","10":"product_cat-producto-capilar","11":"product_tag-alopecia","12":"product_tag-caida-capilar","13":"product_tag-calvicie","14":"product_tag-pelo","15":"product_tag-regeneracion-capilar","16":"product_tag-vitaminas-pelo","18":"first","19":"instock","20":"taxable","21":"shipping-taxable","22":"purchasable","23":"product-type-simple"},"acf":[],"_links":{"self":[{"href":"https:\/\/irmedical.es\/en\/wp-json\/wp\/v2\/product\/9764","targetHints":{"allow":["GET"]}}],"collection":[{"href":"https:\/\/irmedical.es\/en\/wp-json\/wp\/v2\/product"}],"about":[{"href":"https:\/\/irmedical.es\/en\/wp-json\/wp\/v2\/types\/product"}],"replies":[{"embeddable":true,"href":"https:\/\/irmedical.es\/en\/wp-json\/wp\/v2\/comments?post=9764"}],"wp:featuredmedia":[{"embeddable":true,"href":"https:\/\/irmedical.es\/en\/wp-json\/wp\/v2\/media\/4511"}],"wp:attachment":[{"href":"https:\/\/irmedical.es\/en\/wp-json\/wp\/v2\/media?parent=9764"}],"wp:term":[{"taxonomy":"product_brand","embeddable":true,"href":"https:\/\/irmedical.es\/en\/wp-json\/wp\/v2\/product_brand?post=9764"},{"taxonomy":"product_cat","embeddable":true,"href":"https:\/\/irmedical.es\/en\/wp-json\/wp\/v2\/product_cat?post=9764"},{"taxonomy":"product_tag","embeddable":true,"href":"https:\/\/irmedical.es\/en\/wp-json\/wp\/v2\/product_tag?post=9764"}],"curies":[{"name":"wp","href":"https:\/\/api.w.org\/{rel}","templated":true}]}}