{"id":9746,"date":"2025-09-24T12:09:17","date_gmt":"2025-09-24T12:09:17","guid":{"rendered":"https:\/\/irmedical.es\/?post_type=product&#038;p=9746"},"modified":"2025-09-24T12:17:17","modified_gmt":"2025-09-24T12:17:17","slug":"kit-white-bc","status":"publish","type":"product","link":"https:\/\/irmedical.es\/en\/productos\/kit-white-bc\/","title":{"rendered":"KIT WHITE BC"},"content":{"rendered":"<p>Kit White combina un peeling qu\u00edmico suave que renueva la piel, una crema despigmentante a base de antioxidantes y per\u00f3xido de hidr\u00f3geno que inhibe la acci\u00f3n de tirosinasa y una crema solar con factor de protecci\u00f3n f\u00edsico SPF50+ esenciales para quienes empiezan una rutina de tratamiento en casa efectiva. Ideal en tratamientos de pieles con hiperpigmentaciones.<\/p>\n","protected":false},"excerpt":{"rendered":"<p>1 SDPEEL DE 100ML 1 DEEP WHITE DE 30ML Y 1 SOLAR DE 100ML<\/p>\n","protected":false},"featured_media":0,"comment_status":"closed","ping_status":"closed","template":"","meta":{"_acf_changed":false},"product_brand":[],"product_cat":[199,233,234,251,244,295,230],"product_tag":[292,85,105,108,106,35,107,82],"class_list":{"0":"post-9746","1":"product","2":"type-product","3":"status-publish","5":"product_cat-cosmeceutica-facial","6":"product_cat-higiene-facial-manchas-e-hiperpigmentacion-rejuvenecimiento","7":"product_cat-higiene-facial-manchas-e-hiperpigmentacion-rejuvenecimiento-cremas-y-geles","8":"product_cat-manchas-e-hiperpigmentacion","9":"product_cat-manchas-e-hiperpigmentacion-rejuvenecimiento-hidratacion-facial-serums-limpiadores-y-tonicos-higiene-facial-cremas-y-geles","10":"product_cat-peelings-quimicos","11":"product_cat-producto-facial","12":"product_tag-antiaging","13":"product_tag-cosmetica","14":"product_tag-factor-de-crecimiento","15":"product_tag-proteccion-luz-azul","16":"product_tag-rbc","17":"product_tag-regeneracion","18":"product_tag-serum","19":"product_tag-skin-care","21":"first","22":"instock","23":"purchasable","24":"product-type-simple"},"acf":[],"_links":{"self":[{"href":"https:\/\/irmedical.es\/en\/wp-json\/wp\/v2\/product\/9746","targetHints":{"allow":["GET"]}}],"collection":[{"href":"https:\/\/irmedical.es\/en\/wp-json\/wp\/v2\/product"}],"about":[{"href":"https:\/\/irmedical.es\/en\/wp-json\/wp\/v2\/types\/product"}],"replies":[{"embeddable":true,"href":"https:\/\/irmedical.es\/en\/wp-json\/wp\/v2\/comments?post=9746"}],"wp:attachment":[{"href":"https:\/\/irmedical.es\/en\/wp-json\/wp\/v2\/media?parent=9746"}],"wp:term":[{"taxonomy":"product_brand","embeddable":true,"href":"https:\/\/irmedical.es\/en\/wp-json\/wp\/v2\/product_brand?post=9746"},{"taxonomy":"product_cat","embeddable":true,"href":"https:\/\/irmedical.es\/en\/wp-json\/wp\/v2\/product_cat?post=9746"},{"taxonomy":"product_tag","embeddable":true,"href":"https:\/\/irmedical.es\/en\/wp-json\/wp\/v2\/product_tag?post=9746"}],"curies":[{"name":"wp","href":"https:\/\/api.w.org\/{rel}","templated":true}]}}