{"id":9745,"date":"2025-09-24T10:24:54","date_gmt":"2025-09-24T10:24:54","guid":{"rendered":"https:\/\/irmedical.es\/?post_type=product&#038;p=9745"},"modified":"2025-09-24T12:05:48","modified_gmt":"2025-09-24T12:05:48","slug":"kit-acne-bc","status":"publish","type":"product","link":"https:\/\/irmedical.es\/en\/productos\/kit-acne-bc\/","title":{"rendered":"KIT ACNE BC"},"content":{"rendered":"<p>Kit Acne combina una espuma higienizante que limpia los residuos de la piel, un hudrogel dermopurificante que permite el tratamiento del acn\u00e9, el efecto anti-inflamatorio y la prevenci\u00f3n de aparici\u00f3n de marcas y una crema solar con factor de protecci\u00f3n f\u00edsico SPF50+ esenciales para quienes empiezan una rutina de tratamiento para combatir el acn\u00e9. Limpia, trata y protege.<\/p>\n","protected":false},"excerpt":{"rendered":"<p>1 ESPUMA HIGIENIZANTE DE 150ML 1 HIDROGEL DERMOPURIFICANTE DE 100ML Y 1 SOLAR DE 100ML<\/p>\n","protected":false},"featured_media":0,"comment_status":"closed","ping_status":"closed","template":"","meta":{"_acf_changed":false},"product_brand":[],"product_cat":[253,235,245,199,262,258,255,230],"product_tag":[292,85,105,108,106,35,107,82],"class_list":{"0":"post-9745","1":"product","2":"type-product","3":"status-publish","5":"product_cat-acne","6":"product_cat-acne-cremas-y-geles","7":"product_cat-acne-hidratacion-facial-serums-limpiadores-y-tonicos-higiene-facial-cremas-y-geles","8":"product_cat-cosmeceutica-facial","9":"product_cat-cremas-y-geles","10":"product_cat-higiene-facial","11":"product_cat-piel-sensible","12":"product_cat-producto-facial","13":"product_tag-antiaging","14":"product_tag-cosmetica","15":"product_tag-factor-de-crecimiento","16":"product_tag-proteccion-luz-azul","17":"product_tag-rbc","18":"product_tag-regeneracion","19":"product_tag-serum","20":"product_tag-skin-care","22":"first","23":"instock","24":"purchasable","25":"product-type-simple"},"acf":[],"_links":{"self":[{"href":"https:\/\/irmedical.es\/en\/wp-json\/wp\/v2\/product\/9745","targetHints":{"allow":["GET"]}}],"collection":[{"href":"https:\/\/irmedical.es\/en\/wp-json\/wp\/v2\/product"}],"about":[{"href":"https:\/\/irmedical.es\/en\/wp-json\/wp\/v2\/types\/product"}],"replies":[{"embeddable":true,"href":"https:\/\/irmedical.es\/en\/wp-json\/wp\/v2\/comments?post=9745"}],"wp:attachment":[{"href":"https:\/\/irmedical.es\/en\/wp-json\/wp\/v2\/media?parent=9745"}],"wp:term":[{"taxonomy":"product_brand","embeddable":true,"href":"https:\/\/irmedical.es\/en\/wp-json\/wp\/v2\/product_brand?post=9745"},{"taxonomy":"product_cat","embeddable":true,"href":"https:\/\/irmedical.es\/en\/wp-json\/wp\/v2\/product_cat?post=9745"},{"taxonomy":"product_tag","embeddable":true,"href":"https:\/\/irmedical.es\/en\/wp-json\/wp\/v2\/product_tag?post=9745"}],"curies":[{"name":"wp","href":"https:\/\/api.w.org\/{rel}","templated":true}]}}