{"id":9741,"date":"2025-09-24T09:49:35","date_gmt":"2025-09-24T09:49:35","guid":{"rendered":"https:\/\/irmedical.es\/?post_type=product&#038;p=9741"},"modified":"2025-09-24T10:23:39","modified_gmt":"2025-09-24T10:23:39","slug":"kit-probio-bc","status":"publish","type":"product","link":"https:\/\/irmedical.es\/en\/productos\/kit-probio-bc\/","title":{"rendered":"KIT PROBIO BC"},"content":{"rendered":"<p>Kit Probio combina un peeling qu\u00edmico suave que renueva la piel, un cremigel de probi\u00f3ticos no graso con efecto calmante, antibacteriano y reparador y una crema solar con factor de protecci\u00f3n f\u00edsico SPF50+ esenciales para quienes empiezan una rutina de tratamiento en casa efectiva. Ideal en tratamientos de pieles sensibles como son el acn\u00e9, la ros\u00e1cea u otras alteraciones.<\/p>\n","protected":false},"excerpt":{"rendered":"<p>1 SDPEEL DE 100ML 1 CREMIGEL DE 30ML Y 1 SOLAR DE 100ML<\/p>\n","protected":false},"featured_media":0,"comment_status":"closed","ping_status":"closed","template":"","meta":{"_acf_changed":false},"product_brand":[],"product_cat":[253,235,245,199,255,230],"product_tag":[292,85,105,108,106,35,107,82],"class_list":{"0":"post-9741","1":"product","2":"type-product","3":"status-publish","5":"product_cat-acne","6":"product_cat-acne-cremas-y-geles","7":"product_cat-acne-hidratacion-facial-serums-limpiadores-y-tonicos-higiene-facial-cremas-y-geles","8":"product_cat-cosmeceutica-facial","9":"product_cat-piel-sensible","10":"product_cat-producto-facial","11":"product_tag-antiaging","12":"product_tag-cosmetica","13":"product_tag-factor-de-crecimiento","14":"product_tag-proteccion-luz-azul","15":"product_tag-rbc","16":"product_tag-regeneracion","17":"product_tag-serum","18":"product_tag-skin-care","20":"first","21":"instock","22":"purchasable","23":"product-type-simple"},"acf":[],"_links":{"self":[{"href":"https:\/\/irmedical.es\/en\/wp-json\/wp\/v2\/product\/9741","targetHints":{"allow":["GET"]}}],"collection":[{"href":"https:\/\/irmedical.es\/en\/wp-json\/wp\/v2\/product"}],"about":[{"href":"https:\/\/irmedical.es\/en\/wp-json\/wp\/v2\/types\/product"}],"replies":[{"embeddable":true,"href":"https:\/\/irmedical.es\/en\/wp-json\/wp\/v2\/comments?post=9741"}],"wp:attachment":[{"href":"https:\/\/irmedical.es\/en\/wp-json\/wp\/v2\/media?parent=9741"}],"wp:term":[{"taxonomy":"product_brand","embeddable":true,"href":"https:\/\/irmedical.es\/en\/wp-json\/wp\/v2\/product_brand?post=9741"},{"taxonomy":"product_cat","embeddable":true,"href":"https:\/\/irmedical.es\/en\/wp-json\/wp\/v2\/product_cat?post=9741"},{"taxonomy":"product_tag","embeddable":true,"href":"https:\/\/irmedical.es\/en\/wp-json\/wp\/v2\/product_tag?post=9741"}],"curies":[{"name":"wp","href":"https:\/\/api.w.org\/{rel}","templated":true}]}}