{"id":9737,"date":"2025-09-24T09:37:40","date_gmt":"2025-09-24T09:37:40","guid":{"rendered":"https:\/\/irmedical.es\/?post_type=product&#038;p=9737"},"modified":"2025-09-24T09:43:10","modified_gmt":"2025-09-24T09:43:10","slug":"kit-young-bc","status":"publish","type":"product","link":"https:\/\/irmedical.es\/en\/productos\/kit-young-bc\/","title":{"rendered":"KIT YOUNG BC"},"content":{"rendered":"<p>Kit Young combina una espuma higienizante que limpia los residuos de la piel, un gel regenerador no graso que estimula la renovaci\u00f3n celular y aporta hidrataci\u00f3n y una crema solar con factor de protecci\u00f3n f\u00edsico SPF50+ esenciales para quienes empiezan una rutina de tratamiento en casa efectiva. Limpia, renuevay protege, adapt\u00e1ndose a todo tipo de piel.<\/p>\n","protected":false},"excerpt":{"rendered":"<p>1 ESPUMA HIGIENIZANTE DE 150ML 1 GEL BIACTIVO DE 100ML Y 1 SOLAR DE 100ML<\/p>\n","protected":false},"featured_media":0,"comment_status":"closed","ping_status":"closed","template":"","meta":{"_acf_changed":false},"product_brand":[],"product_cat":[306,199,243,230],"product_tag":[292,85,105,108,106,35,107,82],"class_list":{"0":"post-9737","1":"product","2":"type-product","3":"status-publish","5":"product_cat-antienvejecimiento","6":"product_cat-cosmeceutica-facial","7":"product_cat-higiene-facial-limpiadores-y-tonicos-rejuvenecimiento-piel-sensible-hidratacion-facial-serums-cremas-y-geles","8":"product_cat-producto-facial","9":"product_tag-antiaging","10":"product_tag-cosmetica","11":"product_tag-factor-de-crecimiento","12":"product_tag-proteccion-luz-azul","13":"product_tag-rbc","14":"product_tag-regeneracion","15":"product_tag-serum","16":"product_tag-skin-care","18":"first","19":"instock","20":"purchasable","21":"product-type-simple"},"acf":[],"_links":{"self":[{"href":"https:\/\/irmedical.es\/en\/wp-json\/wp\/v2\/product\/9737","targetHints":{"allow":["GET"]}}],"collection":[{"href":"https:\/\/irmedical.es\/en\/wp-json\/wp\/v2\/product"}],"about":[{"href":"https:\/\/irmedical.es\/en\/wp-json\/wp\/v2\/types\/product"}],"replies":[{"embeddable":true,"href":"https:\/\/irmedical.es\/en\/wp-json\/wp\/v2\/comments?post=9737"}],"wp:attachment":[{"href":"https:\/\/irmedical.es\/en\/wp-json\/wp\/v2\/media?parent=9737"}],"wp:term":[{"taxonomy":"product_brand","embeddable":true,"href":"https:\/\/irmedical.es\/en\/wp-json\/wp\/v2\/product_brand?post=9737"},{"taxonomy":"product_cat","embeddable":true,"href":"https:\/\/irmedical.es\/en\/wp-json\/wp\/v2\/product_cat?post=9737"},{"taxonomy":"product_tag","embeddable":true,"href":"https:\/\/irmedical.es\/en\/wp-json\/wp\/v2\/product_tag?post=9737"}],"curies":[{"name":"wp","href":"https:\/\/api.w.org\/{rel}","templated":true}]}}