{"id":9675,"date":"2025-09-23T14:48:00","date_gmt":"2025-09-23T14:48:00","guid":{"rendered":"https:\/\/irmedical.es\/?post_type=product&#038;p=9675"},"modified":"2025-09-23T16:11:38","modified_gmt":"2025-09-23T16:11:38","slug":"kit-starter","status":"publish","type":"product","link":"https:\/\/irmedical.es\/en\/productos\/kit-starter\/","title":{"rendered":"KIT STARTER BC"},"content":{"rendered":"<p>El Kit Starter combina un peeling qu\u00edmico suave que renueva la piel, un s\u00e9rum regenerador que estimula la renovaci\u00f3n celular y una crema solar con factor de protecci\u00f3n f\u00edsico SPF50+ esenciales para quienes empiezan una rutina de tratamiento en casa efectiva. Renueva, regenera y protege, adapt\u00e1ndose a todo tipo de piel.<\/p>\n","protected":false},"excerpt":{"rendered":"<p>1 SDPEEL DE 100ML 1 SERUM DE 80ML Y 1 SOLAR DE 100ML<\/p>\n","protected":false},"featured_media":0,"comment_status":"closed","ping_status":"closed","template":"","meta":{"_acf_changed":false},"product_brand":[],"product_cat":[306,199,243,230],"product_tag":[292,85,105,108,106,35,107,82],"class_list":{"0":"post-9675","1":"product","2":"type-product","3":"status-publish","5":"product_cat-antienvejecimiento","6":"product_cat-cosmeceutica-facial","7":"product_cat-higiene-facial-limpiadores-y-tonicos-rejuvenecimiento-piel-sensible-hidratacion-facial-serums-cremas-y-geles","8":"product_cat-producto-facial","9":"product_tag-antiaging","10":"product_tag-cosmetica","11":"product_tag-factor-de-crecimiento","12":"product_tag-proteccion-luz-azul","13":"product_tag-rbc","14":"product_tag-regeneracion","15":"product_tag-serum","16":"product_tag-skin-care","18":"first","19":"instock","20":"purchasable","21":"product-type-simple"},"acf":[],"_links":{"self":[{"href":"https:\/\/irmedical.es\/en\/wp-json\/wp\/v2\/product\/9675","targetHints":{"allow":["GET"]}}],"collection":[{"href":"https:\/\/irmedical.es\/en\/wp-json\/wp\/v2\/product"}],"about":[{"href":"https:\/\/irmedical.es\/en\/wp-json\/wp\/v2\/types\/product"}],"replies":[{"embeddable":true,"href":"https:\/\/irmedical.es\/en\/wp-json\/wp\/v2\/comments?post=9675"}],"wp:attachment":[{"href":"https:\/\/irmedical.es\/en\/wp-json\/wp\/v2\/media?parent=9675"}],"wp:term":[{"taxonomy":"product_brand","embeddable":true,"href":"https:\/\/irmedical.es\/en\/wp-json\/wp\/v2\/product_brand?post=9675"},{"taxonomy":"product_cat","embeddable":true,"href":"https:\/\/irmedical.es\/en\/wp-json\/wp\/v2\/product_cat?post=9675"},{"taxonomy":"product_tag","embeddable":true,"href":"https:\/\/irmedical.es\/en\/wp-json\/wp\/v2\/product_tag?post=9675"}],"curies":[{"name":"wp","href":"https:\/\/api.w.org\/{rel}","templated":true}]}}