{"id":3346,"date":"2024-06-13T17:00:08","date_gmt":"2024-06-13T17:00:08","guid":{"rendered":"http:\/\/irmedical.es\/product\/champu-activador-rbc-factor-de-crecimiento-2\/"},"modified":"2025-09-23T16:15:46","modified_gmt":"2025-09-23T16:15:46","slug":"champu-activador-rbc-factor-de-crecimiento-2","status":"publish","type":"product","link":"https:\/\/irmedical.es\/en\/productos\/champu-activador-rbc-factor-de-crecimiento-2\/","title":{"rendered":"CHAMPU ACTIVADOR RBC"},"content":{"rendered":"<p>Este champ\u00fa \u00e1cido con funci\u00f3n queratol\u00edtica y efecto detox est\u00e1 dise\u00f1ado para preparar el cabello antes del tratamiento con el Serum RBC Factor de crecimiento. Limpia profundamente el cuero cabelludo, eliminando impurezas y c\u00e9lulas muertas, creando el ambiente ideal para maximizar la eficacia del tratamiento posterior.<\/p>\n","protected":false},"excerpt":{"rendered":"<p>1 ENVASE 250ML<\/p>\n","protected":false},"featured_media":3347,"comment_status":"closed","ping_status":"closed","template":"","meta":{"_acf_changed":false},"product_brand":[],"product_cat":[249,247],"product_tag":[115,117,118,120,121],"class_list":{"0":"post-3346","1":"product","2":"type-product","3":"status-publish","4":"has-post-thumbnail","6":"product_cat-champu","7":"product_cat-producto-capilar","8":"product_tag-alopecia","9":"product_tag-caida-capilar","10":"product_tag-calvicie","11":"product_tag-pelo","12":"product_tag-regeneracion-capilar","14":"first","15":"instock","16":"purchasable","17":"product-type-simple"},"acf":[],"_links":{"self":[{"href":"https:\/\/irmedical.es\/en\/wp-json\/wp\/v2\/product\/3346","targetHints":{"allow":["GET"]}}],"collection":[{"href":"https:\/\/irmedical.es\/en\/wp-json\/wp\/v2\/product"}],"about":[{"href":"https:\/\/irmedical.es\/en\/wp-json\/wp\/v2\/types\/product"}],"replies":[{"embeddable":true,"href":"https:\/\/irmedical.es\/en\/wp-json\/wp\/v2\/comments?post=3346"}],"wp:featuredmedia":[{"embeddable":true,"href":"https:\/\/irmedical.es\/en\/wp-json\/wp\/v2\/media\/3347"}],"wp:attachment":[{"href":"https:\/\/irmedical.es\/en\/wp-json\/wp\/v2\/media?parent=3346"}],"wp:term":[{"taxonomy":"product_brand","embeddable":true,"href":"https:\/\/irmedical.es\/en\/wp-json\/wp\/v2\/product_brand?post=3346"},{"taxonomy":"product_cat","embeddable":true,"href":"https:\/\/irmedical.es\/en\/wp-json\/wp\/v2\/product_cat?post=3346"},{"taxonomy":"product_tag","embeddable":true,"href":"https:\/\/irmedical.es\/en\/wp-json\/wp\/v2\/product_tag?post=3346"}],"curies":[{"name":"wp","href":"https:\/\/api.w.org\/{rel}","templated":true}]}}