{"id":3343,"date":"2024-06-13T17:00:08","date_gmt":"2024-06-13T17:00:08","guid":{"rendered":"http:\/\/irmedical.es\/product\/crema-anticelulitica-rbc-2\/"},"modified":"2025-09-23T16:48:01","modified_gmt":"2025-09-23T16:48:01","slug":"crema-anticelulitica-rbc-2","status":"publish","type":"product","link":"https:\/\/irmedical.es\/en\/productos\/crema-anticelulitica-rbc-2\/","title":{"rendered":"CREMA REGENERADORA CORPORAL RBC"},"content":{"rendered":"<p>Este concentrado en formato de crema corporal es ideal para su uso en cabina durante y despu\u00e9s del tratamiento, y tambi\u00e9n como mantenimiento en casa. Formulado con principios activos y factores de crecimiento, garantiza resultados visibles a corto plazo. Es un potente producto anticelul\u00edtico que combate la grasa subcut\u00e1nea y mejora la estructura fibrosa de la piel, promoviendo una apariencia m\u00e1s firme y tonificada.<\/p>\n","protected":false},"excerpt":{"rendered":"<p>1 ENVASE 200ML<\/p>\n","protected":false},"featured_media":4515,"comment_status":"closed","ping_status":"closed","template":"","meta":{"_acf_changed":false},"product_brand":[],"product_cat":[246,237],"product_tag":[66,60,61,85,114,105,106],"class_list":{"0":"post-3343","1":"product","2":"type-product","3":"status-publish","4":"has-post-thumbnail","6":"product_cat-cremas","7":"product_cat-producto-corporal","8":"product_tag-cartucheras","9":"product_tag-celulitis","10":"product_tag-corporal","11":"product_tag-cosmetica","12":"product_tag-crema-anticelulitis","13":"product_tag-factor-de-crecimiento","14":"product_tag-rbc","16":"first","17":"instock","18":"purchasable","19":"product-type-simple"},"acf":[],"_links":{"self":[{"href":"https:\/\/irmedical.es\/en\/wp-json\/wp\/v2\/product\/3343","targetHints":{"allow":["GET"]}}],"collection":[{"href":"https:\/\/irmedical.es\/en\/wp-json\/wp\/v2\/product"}],"about":[{"href":"https:\/\/irmedical.es\/en\/wp-json\/wp\/v2\/types\/product"}],"replies":[{"embeddable":true,"href":"https:\/\/irmedical.es\/en\/wp-json\/wp\/v2\/comments?post=3343"}],"wp:featuredmedia":[{"embeddable":true,"href":"https:\/\/irmedical.es\/en\/wp-json\/wp\/v2\/media\/4515"}],"wp:attachment":[{"href":"https:\/\/irmedical.es\/en\/wp-json\/wp\/v2\/media?parent=3343"}],"wp:term":[{"taxonomy":"product_brand","embeddable":true,"href":"https:\/\/irmedical.es\/en\/wp-json\/wp\/v2\/product_brand?post=3343"},{"taxonomy":"product_cat","embeddable":true,"href":"https:\/\/irmedical.es\/en\/wp-json\/wp\/v2\/product_cat?post=3343"},{"taxonomy":"product_tag","embeddable":true,"href":"https:\/\/irmedical.es\/en\/wp-json\/wp\/v2\/product_tag?post=3343"}],"curies":[{"name":"wp","href":"https:\/\/api.w.org\/{rel}","templated":true}]}}