{"id":3342,"date":"2024-06-13T16:59:35","date_gmt":"2024-06-13T16:59:35","guid":{"rendered":"http:\/\/irmedical.es\/product\/pack-corrective-2\/"},"modified":"2025-09-23T16:10:19","modified_gmt":"2025-09-23T16:10:19","slug":"pack-corrective-2","status":"publish","type":"product","link":"https:\/\/irmedical.es\/en\/productos\/pack-corrective-2\/","title":{"rendered":"PACK CORRECTIVE RBC"},"content":{"rendered":"<p>El pack Corrective incluye una espuma higienizante que limpia y prepara la piel, un s\u00e9rum regenerador facial que revitaliza y promueve la renovaci\u00f3n celular, y un hidrogel dermopurificante que equilibra e hidrata sin grasa. Ideal para lograr una piel m\u00e1s saludable y rejuvenecida.<\/p>\n","protected":false},"excerpt":{"rendered":"<p>1 ESPUMA DE 150ML 1 SERUM DE 80ML Y 1 ENVASE DE 100ML<\/p>\n","protected":false},"featured_media":4499,"comment_status":"closed","ping_status":"closed","template":"","meta":{"_acf_changed":false},"product_brand":[],"product_cat":[253,245,199,230],"product_tag":[89,85,105,109,106,35,107,82],"class_list":{"0":"post-3342","1":"product","2":"type-product","3":"status-publish","4":"has-post-thumbnail","6":"product_cat-acne","7":"product_cat-acne-hidratacion-facial-serums-limpiadores-y-tonicos-higiene-facial-cremas-y-geles","8":"product_cat-cosmeceutica-facial","9":"product_cat-producto-facial","10":"product_tag-acne","11":"product_tag-cosmetica","12":"product_tag-factor-de-crecimiento","13":"product_tag-piel-mixta","14":"product_tag-rbc","15":"product_tag-regeneracion","16":"product_tag-serum","17":"product_tag-skin-care","19":"first","20":"instock","21":"purchasable","22":"product-type-simple"},"acf":[],"_links":{"self":[{"href":"https:\/\/irmedical.es\/en\/wp-json\/wp\/v2\/product\/3342","targetHints":{"allow":["GET"]}}],"collection":[{"href":"https:\/\/irmedical.es\/en\/wp-json\/wp\/v2\/product"}],"about":[{"href":"https:\/\/irmedical.es\/en\/wp-json\/wp\/v2\/types\/product"}],"replies":[{"embeddable":true,"href":"https:\/\/irmedical.es\/en\/wp-json\/wp\/v2\/comments?post=3342"}],"wp:featuredmedia":[{"embeddable":true,"href":"https:\/\/irmedical.es\/en\/wp-json\/wp\/v2\/media\/4499"}],"wp:attachment":[{"href":"https:\/\/irmedical.es\/en\/wp-json\/wp\/v2\/media?parent=3342"}],"wp:term":[{"taxonomy":"product_brand","embeddable":true,"href":"https:\/\/irmedical.es\/en\/wp-json\/wp\/v2\/product_brand?post=3342"},{"taxonomy":"product_cat","embeddable":true,"href":"https:\/\/irmedical.es\/en\/wp-json\/wp\/v2\/product_cat?post=3342"},{"taxonomy":"product_tag","embeddable":true,"href":"https:\/\/irmedical.es\/en\/wp-json\/wp\/v2\/product_tag?post=3342"}],"curies":[{"name":"wp","href":"https:\/\/api.w.org\/{rel}","templated":true}]}}