{"id":3328,"date":"2024-06-13T16:59:35","date_gmt":"2024-06-13T16:59:35","guid":{"rendered":"http:\/\/irmedical.es\/product\/serum-epitelial-rbc-2\/"},"modified":"2025-09-23T16:16:44","modified_gmt":"2025-09-23T16:16:44","slug":"serum-regenedor-rbc-2","status":"publish","type":"product","link":"https:\/\/irmedical.es\/en\/productos\/serum-regenedor-rbc-2\/","title":{"rendered":"SERUM REGENERADOR FACIAL RBC"},"content":{"rendered":"<p>El ser\u00fam regenedor de RBC utiliza factores de crecimiento vegetales human-like, EGF para renovar c\u00e9lulas y producir col\u00e1geno, TGF-B2 para estimular col\u00e1geno y elastina, y \u00e1cido hialur\u00f3nico para retener humedad. Con principios activos microencapsulados, ofrece resultados r\u00e1pidos y efectivos sin contraindicaciones.<\/p>\n","protected":false},"excerpt":{"rendered":"<p>80ML<\/p>\n","protected":false},"featured_media":3329,"comment_status":"closed","ping_status":"closed","template":"","meta":{"_acf_changed":false},"product_brand":[],"product_cat":[230,241],"product_tag":[292,85,105,106,35,107,82],"class_list":{"0":"post-3328","1":"product","2":"type-product","3":"status-publish","4":"has-post-thumbnail","6":"product_cat-producto-facial","7":"product_cat-rejuvenecimiento-piel-sensible-hidratacion-facial-serums-cremas-y-geles","8":"product_tag-antiaging","9":"product_tag-cosmetica","10":"product_tag-factor-de-crecimiento","11":"product_tag-rbc","12":"product_tag-regeneracion","13":"product_tag-serum","14":"product_tag-skin-care","16":"first","17":"instock","18":"taxable","19":"shipping-taxable","20":"purchasable","21":"product-type-simple"},"acf":[],"_links":{"self":[{"href":"https:\/\/irmedical.es\/en\/wp-json\/wp\/v2\/product\/3328","targetHints":{"allow":["GET"]}}],"collection":[{"href":"https:\/\/irmedical.es\/en\/wp-json\/wp\/v2\/product"}],"about":[{"href":"https:\/\/irmedical.es\/en\/wp-json\/wp\/v2\/types\/product"}],"replies":[{"embeddable":true,"href":"https:\/\/irmedical.es\/en\/wp-json\/wp\/v2\/comments?post=3328"}],"wp:featuredmedia":[{"embeddable":true,"href":"https:\/\/irmedical.es\/en\/wp-json\/wp\/v2\/media\/3329"}],"wp:attachment":[{"href":"https:\/\/irmedical.es\/en\/wp-json\/wp\/v2\/media?parent=3328"}],"wp:term":[{"taxonomy":"product_brand","embeddable":true,"href":"https:\/\/irmedical.es\/en\/wp-json\/wp\/v2\/product_brand?post=3328"},{"taxonomy":"product_cat","embeddable":true,"href":"https:\/\/irmedical.es\/en\/wp-json\/wp\/v2\/product_cat?post=3328"},{"taxonomy":"product_tag","embeddable":true,"href":"https:\/\/irmedical.es\/en\/wp-json\/wp\/v2\/product_tag?post=3328"}],"curies":[{"name":"wp","href":"https:\/\/api.w.org\/{rel}","templated":true}]}}