{"id":3317,"date":"2024-06-13T16:59:35","date_gmt":"2024-06-13T16:59:35","guid":{"rendered":"http:\/\/irmedical.es\/product\/crema-deep-white-2\/"},"modified":"2025-09-23T16:49:05","modified_gmt":"2025-09-23T16:49:05","slug":"crema-deep-white-2","status":"publish","type":"product","link":"https:\/\/irmedical.es\/en\/productos\/crema-deep-white-2\/","title":{"rendered":"DEEP WHITE CREAM DBC"},"content":{"rendered":"<p>Esta crema combate el exceso de pigmentaci\u00f3n irregular y las manchas cut\u00e1neas, que se acent\u00faan con el tiempo. Act\u00faa sobre la sobreproducci\u00f3n de melanina por los melanocitos y la acumulaci\u00f3n de lipofuscina en los queratinocitos. Elimina las manchas de la edad y unifica el tono de la piel. Presentado en un envase de 30 ml.<\/p>\n","protected":false},"excerpt":{"rendered":"<p>1 ENVASE 30ML<\/p>\n","protected":false},"featured_media":3318,"comment_status":"closed","ping_status":"closed","template":"","meta":{"_acf_changed":false},"product_brand":[],"product_cat":[187],"product_tag":[36,85,86,32,38],"class_list":{"0":"post-3317","1":"product","2":"type-product","3":"status-publish","4":"has-post-thumbnail","6":"product_cat-cabina-y-mantenimiento","7":"product_tag-blanqueante","8":"product_tag-cosmetica","9":"product_tag-despigmentante","10":"product_tag-manchas","11":"product_tag-tratamiento","13":"first","14":"instock","15":"taxable","16":"shipping-taxable","17":"purchasable","18":"product-type-simple"},"acf":[],"_links":{"self":[{"href":"https:\/\/irmedical.es\/en\/wp-json\/wp\/v2\/product\/3317","targetHints":{"allow":["GET"]}}],"collection":[{"href":"https:\/\/irmedical.es\/en\/wp-json\/wp\/v2\/product"}],"about":[{"href":"https:\/\/irmedical.es\/en\/wp-json\/wp\/v2\/types\/product"}],"replies":[{"embeddable":true,"href":"https:\/\/irmedical.es\/en\/wp-json\/wp\/v2\/comments?post=3317"}],"wp:featuredmedia":[{"embeddable":true,"href":"https:\/\/irmedical.es\/en\/wp-json\/wp\/v2\/media\/3318"}],"wp:attachment":[{"href":"https:\/\/irmedical.es\/en\/wp-json\/wp\/v2\/media?parent=3317"}],"wp:term":[{"taxonomy":"product_brand","embeddable":true,"href":"https:\/\/irmedical.es\/en\/wp-json\/wp\/v2\/product_brand?post=3317"},{"taxonomy":"product_cat","embeddable":true,"href":"https:\/\/irmedical.es\/en\/wp-json\/wp\/v2\/product_cat?post=3317"},{"taxonomy":"product_tag","embeddable":true,"href":"https:\/\/irmedical.es\/en\/wp-json\/wp\/v2\/product_tag?post=3317"}],"curies":[{"name":"wp","href":"https:\/\/api.w.org\/{rel}","templated":true}]}}